{"id":36637,"date":"2025-11-03T14:02:36","date_gmt":"2025-11-03T14:02:36","guid":{"rendered":"https:\/\/pangeamoneytransfer.com\/?page_id=36637"},"modified":"2025-11-03T14:42:37","modified_gmt":"2025-11-03T14:42:37","slug":"remmesa-ayuda","status":"publish","type":"page","link":"https:\/\/pangeamoneytransfer.com\/es\/remmesa-ayuda\/","title":{"rendered":"Remmesa Ayuda"},"content":{"rendered":"<p><div class=\"fusion-fullwidth fullwidth-box fusion-builder-row-1 fusion-flex-container nonhundred-percent-fullwidth non-hundred-percent-height-scrolling\" style=\"--awb-border-radius-top-left:0px;--awb-border-radius-top-right:0px;--awb-border-radius-bottom-right:0px;--awb-border-radius-bottom-left:0px;--awb-margin-top:10%;--awb-flex-wrap:wrap;\" ><div class=\"fusion-builder-row fusion-row fusion-flex-align-items-flex-start fusion-flex-justify-content-center fusion-flex-content-wrap\" style=\"max-width:1300px;margin-left: calc(-4% \/ 2 );margin-right: calc(-4% \/ 2 );\"><div class=\"fusion-layout-column fusion_builder_column fusion-builder-column-0 fusion_builder_column_1_1 1_1 fusion-flex-column\" style=\"--awb-bg-size:cover;--awb-width-large:100%;--awb-margin-top-large:0px;--awb-spacing-right-large:1.92%;--awb-margin-bottom-large:20px;--awb-spacing-left-large:1.92%;--awb-width-medium:100%;--awb-order-medium:0;--awb-spacing-right-medium:1.92%;--awb-spacing-left-medium:1.92%;--awb-width-small:100%;--awb-order-small:0;--awb-spacing-right-small:1.92%;--awb-spacing-left-small:1.92%;\"><div class=\"fusion-column-wrapper fusion-column-has-shadow fusion-flex-justify-content-flex-start fusion-content-layout-column\"><div class=\"fusion-image-element \" style=\"text-align:center;--awb-max-width:400px;--awb-caption-title-font-family:var(--h2_typography-font-family);--awb-caption-title-font-weight:var(--h2_typography-font-weight);--awb-caption-title-font-style:var(--h2_typography-font-style);--awb-caption-title-size:var(--h2_typography-font-size);--awb-caption-title-transform:var(--h2_typography-text-transform);--awb-caption-title-line-height:var(--h2_typography-line-height);--awb-caption-title-letter-spacing:var(--h2_typography-letter-spacing);\"><span class=\" fusion-imageframe imageframe-none imageframe-1 hover-type-none\"><img decoding=\"async\" width=\"459\" height=\"123\" title=\"RemmesaCobranded_websitex3\" src=\"https:\/\/pangeamoneytransfer.com\/wp-content\/uploads\/2021\/04\/RemmesaCobranded_websitex3.png\" alt class=\"img-responsive wp-image-24101\" srcset=\"https:\/\/pangeamoneytransfer.com\/wp-content\/uploads\/2021\/04\/RemmesaCobranded_websitex3-200x54.png 200w, https:\/\/pangeamoneytransfer.com\/wp-content\/uploads\/2021\/04\/RemmesaCobranded_websitex3-400x107.png 400w, https:\/\/pangeamoneytransfer.com\/wp-content\/uploads\/2021\/04\/RemmesaCobranded_websitex3.png 459w\" sizes=\"(max-width: 640px) 100vw, 459px\" \/><\/span><\/div><div class=\"fusion-title title fusion-title-1 fusion-sep-none fusion-title-center fusion-title-text fusion-title-size-div\" style=\"--awb-text-color:#000000;--awb-margin-bottom:5%;--awb-font-size:20px;\"><div class=\"fusion-title-heading title-heading-center title-heading-tag\" style=\"margin:0;font-size:1em;\">Ayuda \/ FAQ<\/div><\/div><\/div><\/div><div class=\"fusion-layout-column fusion_builder_column fusion-builder-column-1 fusion_builder_column_3_5 3_5 fusion-flex-column\" style=\"--awb-bg-size:cover;--awb-width-large:60%;--awb-margin-top-large:0px;--awb-spacing-right-large:3.2%;--awb-margin-bottom-large:20px;--awb-spacing-left-large:3.2%;--awb-width-medium:60%;--awb-order-medium:0;--awb-spacing-right-medium:3.2%;--awb-spacing-left-medium:3.2%;--awb-width-small:100%;--awb-order-small:0;--awb-spacing-right-small:1.92%;--awb-spacing-left-small:1.92%;\" data-scroll-devices=\"small-visibility,medium-visibility,large-visibility\"><div class=\"fusion-column-wrapper fusion-column-has-shadow fusion-flex-justify-content-center fusion-content-layout-column\"><div class=\"fusion-content-boxes content-boxes columns row fusion-columns-2 fusion-columns-total-2 fusion-content-boxes-1 content-boxes-icon-on-side content-left\" style=\"--awb-backgroundcolor:#f2f2f2;--awb-body-color:#808080;--awb-title-color:#000000;--awb-iconcolor:#ffffff;--awb-margin-bottom:30px;--awb-hover-accent-color:#000000;--awb-circle-hover-accent-color:#000000;\" data-animationOffset=\"top-into-view\"><div style=\"--awb-backgroundcolor:#f2f2f2;--awb-iconcolor:#ffffff;--awb-content-padding-left:60px;\" class=\"fusion-column content-box-column content-box-column content-box-column-1 col-lg-6 col-md-6 col-sm-6 fusion-content-box-hover content-box-column-first-in-row\"><div class=\"col content-box-wrapper content-wrapper-background link-area-box link-type-text icon-hover-animation-none\" data-link=\"tel:+18663952938\" data-link-target=\"_self\" data-animationOffset=\"top-into-view\"><div class=\"heading heading-with-icon icon-left\"><a class=\"heading-link\" href=\"tel:+18663952938\" target=\"_self\"><div class=\"icon\"><i style=\"border-color:#212934;border-width:0px;background-color:#00abc7;box-sizing:content-box;height:40px;width:40px;line-height:40px;border-radius:50%;font-size:20px;\" aria-hidden=\"true\" class=\"fontawesome-icon fa-phone-alt fas circle-yes\"><\/i><\/div><h2 class=\"content-box-heading\" style=\"--h2_typography-font-size:15px;line-height:20px;padding-left:60px;\">Tel\u00e9fono<\/h2><\/a><\/div><div class=\"fusion-clearfix\"><\/div><div class=\"content-container\">\n<p>+1 866 395-2938 (8am to 10pm CST)<\/p>\n<\/div><\/div><\/div><div style=\"--awb-backgroundcolor:#f2f2f2;--awb-iconcolor:#ffffff;--awb-content-padding-left:60px;\" class=\"fusion-column content-box-column content-box-column content-box-column-2 col-lg-6 col-md-6 col-sm-6 fusion-content-box-hover content-box-column-last content-box-column-last-in-row\"><div class=\"col content-box-wrapper content-wrapper-background link-area-box link-type-text icon-hover-animation-none\" data-link=\"mailto:support@remmesa.com\" data-link-target=\"_self\" data-animationOffset=\"top-into-view\"><div class=\"heading heading-with-icon icon-left\"><a class=\"heading-link\" href=\"mailto:support@remmesa.com\" target=\"_self\"><div class=\"icon\"><i style=\"border-color:#212934;border-width:0px;background-color:#00abc7;box-sizing:content-box;height:40px;width:40px;line-height:40px;border-radius:50%;font-size:20px;\" aria-hidden=\"true\" class=\"fontawesome-icon fa-envelope fas circle-yes\"><\/i><\/div><h2 class=\"content-box-heading\" style=\"--h2_typography-font-size:15px;line-height:20px;padding-left:60px;\">Correo<\/h2><\/a><\/div><div class=\"fusion-clearfix\"><\/div><div class=\"content-container\">\n<p>support@remmesa.com<\/p>\n<\/div><\/div><\/div><div class=\"fusion-clearfix\"><\/div><\/div><\/div><\/div><\/div><\/div><div class=\"fusion-fullwidth fullwidth-box fusion-builder-row-2 fusion-flex-container nonhundred-percent-fullwidth non-hundred-percent-height-scrolling\" style=\"--awb-border-radius-top-left:0px;--awb-border-radius-top-right:0px;--awb-border-radius-bottom-right:0px;--awb-border-radius-bottom-left:0px;--awb-margin-bottom:7%;--awb-flex-wrap:wrap;\" ><div class=\"fusion-builder-row fusion-row fusion-flex-align-items-flex-start fusion-flex-content-wrap\" style=\"max-width:1300px;margin-left: calc(-4% \/ 2 );margin-right: calc(-4% \/ 2 );\"><div class=\"fusion-layout-column fusion_builder_column fusion-builder-column-2 fusion_builder_column_1_1 1_1 fusion-flex-column\" style=\"--awb-bg-size:cover;--awb-width-large:100%;--awb-margin-top-large:0px;--awb-spacing-right-large:1.92%;--awb-margin-bottom-large:20px;--awb-spacing-left-large:1.92%;--awb-width-medium:100%;--awb-order-medium:0;--awb-spacing-right-medium:1.92%;--awb-spacing-left-medium:1.92%;--awb-width-small:100%;--awb-order-small:0;--awb-spacing-right-small:1.92%;--awb-spacing-left-small:1.92%;\"><div class=\"fusion-column-wrapper fusion-column-has-shadow fusion-flex-justify-content-flex-start fusion-content-layout-column\"><div class=\"fusion-text fusion-text-1\"><h2><strong>Preguntas Frecuentes<\/strong><\/h2>\n<h3>\u00bfQu\u00e9 pas\u00f3 con la app de Remmesa?<\/h3>\n<p>Remmesa es una aplicaci\u00f3n operada por <strong>Pangea Money Transfer<\/strong>. Sin embargo, Pangea Money Transfer dejar\u00e1 de procesar env\u00edos de dinero en la app de Remmesa y la p\u00e1gina web a partir del <strong>1 de diciembre de 2025<\/strong>. Despu\u00e9s de esa fecha, y hasta el <strong>14 de diciembre de 2025<\/strong>, podr\u00e1s iniciar sesi\u00f3n para ver la informaci\u00f3n de tu cuenta de Remmesa y tus transferencias anteriores.<\/p>\n<p>A partir del 1 de diciembre de 2025, podr\u00e1s continuar enviando dinero directamente con <strong>Pangea Money Transfer<\/strong>, que ofrece una experiencia segura y confiable. Para empezar, descarga la app de <a href=\"https:\/\/pangea.onelink.me\/2231221683\/eq9k78vd\">Pangea Money Transfer<\/a> o visita <a href=\"http:\/\/pangeamoneytransfer.com\/es\">pangeamoneytransfer.com\/es<\/a> e inicia sesi\u00f3n si ya tienes una cuenta o crea una nueva si a\u00fan no la tienes.<\/p>\n<h3>\u00bfPor qu\u00e9 no puedo hacer una transferencia en la app de Remmesa o p\u00e1gina web?<\/h3>\n<p>A partir del 1 de diciembre de 2025, la app de Remmesa y p\u00e1gina web dejar\u00e1n de procesar nuevas transferencias de dinero. A\u00fan podr\u00e1s iniciar sesi\u00f3n para ver los detalles de tu cuenta y tus transferencias anteriores hasta el <strong>14 de diciembre de 2025.<\/strong><\/p>\n<p>Para continuar enviando dinero despu\u00e9s del 1 de diciembre de 2025, podr\u00e1s usar la app de <a href=\"https:\/\/pangea.onelink.me\/2231221683\/eq9k78vd\">Pangea Money Transfer<\/a> o p\u00e1gina web para una experiencia confiable. Descarga la app de Pangea Money Transfer o visita <a href=\"http:\/\/pangeamoneytransfer.com\/es\">pangeamoneytransfer.com\/es<\/a> e inicia sesi\u00f3n si tienes una cuenta o crea una nueva si a\u00fan no la tienes.<\/p>\n<h3>\u00bfA\u00fan puedo iniciar sesi\u00f3n en mi cuenta de Remmesa?<\/h3>\n<p>Aunque no podr\u00e1s hacer ninguna transferencia nueva a partir del <strong>1 de diciembre de 2025<\/strong>, a\u00fan podr\u00e1s iniciar sesi\u00f3n en la app de Remmesa o p\u00e1gina web hasta el <strong>14 de diciembre de 2025.<\/strong><\/p>\n<p>A partir del <strong>15 de diciembre de 2025<\/strong>, la app de Remmesa y la p\u00e1gina web se cerrar\u00e1n de forma permanente y ya no estar\u00e1n disponibles.<\/p>\n<p>Si necesitas ayuda o recuperar informaci\u00f3n sobre tus transferencias despu\u00e9s de esa fecha, contacta al <strong>Servicio al Cliente de Pangea Money Transfer.<\/strong><\/p>\n<h3>\u00bfQu\u00e9 sucede con transferencias que a\u00fan estaban en progreso?<\/h3>\n<p>Cualquier transferencia enviada a trav\u00e9s de Remmesa que est\u00e9 pendiente o no haya sido reclamada al <strong>8 de diciembre de 2025<\/strong> o antes se cancelar\u00e1 autom\u00e1ticamente y se reembolsar\u00e1 al m\u00e9todo de pago original.<\/p>\n<p>Los reembolsos normalmente se reflejan en el m\u00e9todo de pago entre <strong>3 y 5 d\u00edas h\u00e1biles<\/strong>, dependiendo de tu banco o emisor de tu tarjeta.<\/p>\n<p>Si no has recibido tu reembolso, contacta al <strong>Servicio al Cliente de Pangea<\/strong> para obtener m\u00e1s ayuda.<\/p>\n<h3>\u00bfC\u00f3mo sabr\u00e9 si mi transferencia fue reembolsada?<\/h3>\n<p>Recibir\u00e1s una <strong>notificaci\u00f3n por SMS<\/strong> una vez que tu reembolso sea procesado. Si no ves un reembolso dentro de 5 d\u00edas h\u00e1biles de haber recibido la notificaci\u00f3n, por favor contacta al <strong>Servicio al Cliente de Pangea<\/strong> para confirmar.<\/p>\n<h3>\u00bfTodav\u00eda puedo mantener una copia de mi historial de transferencias o recibo?<\/h3>\n<p>S\u00ed. Todav\u00eda podr\u00e1s ver tus transferencias anteriores en la app de Remmesa o p\u00e1gina web hasta el <strong>14 de diciembre de 2025<\/strong>. Despu\u00e9s de esa fecha, podr\u00e1s contactar al equipo de <strong>Pangea Money Transfer<\/strong> para solicitar una copia de tu historial de transferencias o de tu recibo.<\/p>\n<h3>\u00bfNecesito una nueva cuenta para seguir enviando dinero?<\/h3>\n<p>S\u00ed. Una vez que se dejen de procesar transferencias en la app de Remmesa y p\u00e1gina web el 1 de diciembre de 2025, podr\u00e1s seguir enviando dinero con Pangea para recibir una experiencia segura y confiable.<\/p>\n<p>Para empezar, descarga la <a href=\"https:\/\/pangea.onelink.me\/2231221683\/eq9k78vd\">app de Pangea Money Transfer<\/a> o visita <a href=\"http:\/\/pangeamoneytransfer.com\/es\">pangeamoneytransfer.com\/es<\/a> e inicia sesi\u00f3n si ya tienes una cuenta o crea una nueva si a\u00fan no la tienes.<\/p>\n<\/div><\/div><\/div><\/div><\/div><\/p>\n","protected":false},"excerpt":{"rendered":"","protected":false},"author":22,"featured_media":0,"parent":0,"menu_order":0,"comment_status":"closed","ping_status":"closed","template":"","meta":{"_acf_changed":false,"inline_featured_image":false,"footnotes":""},"class_list":["post-36637","page","type-page","status-publish","hentry"],"acf":[],"_links":{"self":[{"href":"https:\/\/pangeamoneytransfer.com\/es\/wp-json\/wp\/v2\/pages\/36637","targetHints":{"allow":["GET"]}}],"collection":[{"href":"https:\/\/pangeamoneytransfer.com\/es\/wp-json\/wp\/v2\/pages"}],"about":[{"href":"https:\/\/pangeamoneytransfer.com\/es\/wp-json\/wp\/v2\/types\/page"}],"author":[{"embeddable":true,"href":"https:\/\/pangeamoneytransfer.com\/es\/wp-json\/wp\/v2\/users\/22"}],"replies":[{"embeddable":true,"href":"https:\/\/pangeamoneytransfer.com\/es\/wp-json\/wp\/v2\/comments?post=36637"}],"version-history":[{"count":12,"href":"https:\/\/pangeamoneytransfer.com\/es\/wp-json\/wp\/v2\/pages\/36637\/revisions"}],"predecessor-version":[{"id":36653,"href":"https:\/\/pangeamoneytransfer.com\/es\/wp-json\/wp\/v2\/pages\/36637\/revisions\/36653"}],"wp:attachment":[{"href":"https:\/\/pangeamoneytransfer.com\/es\/wp-json\/wp\/v2\/media?parent=36637"}],"curies":[{"name":"wp","href":"https:\/\/api.w.org\/{rel}","templated":true}]}}