{"id":36388,"date":"2025-07-31T00:07:48","date_gmt":"2025-07-31T00:07:48","guid":{"rendered":"https:\/\/pangeamoneytransfer.com\/?page_id=36388"},"modified":"2025-09-03T03:26:13","modified_gmt":"2025-09-03T03:26:13","slug":"remmesa-us-consumer-privacy-notice","status":"publish","type":"page","link":"https:\/\/pangeamoneytransfer.com\/es\/remmesa-us-consumer-privacy-notice\/","title":{"rendered":"Remmesa Aviso de Privacidad del Consumidor de EE.UU"},"content":{"rendered":"<div class=\"fusion-fullwidth fullwidth-box fusion-builder-row-1 fusion-flex-container nonhundred-percent-fullwidth non-hundred-percent-height-scrolling\" style=\"--awb-border-radius-top-left:0px;--awb-border-radius-top-right:0px;--awb-border-radius-bottom-right:0px;--awb-border-radius-bottom-left:0px;--awb-flex-wrap:wrap;\" ><div class=\"fusion-builder-row fusion-row fusion-flex-align-items-flex-start fusion-flex-content-wrap\" style=\"max-width:1300px;margin-left: calc(-4% \/ 2 );margin-right: calc(-4% \/ 2 );\"><div class=\"fusion-layout-column fusion_builder_column fusion-builder-column-0 fusion_builder_column_1_1 1_1 fusion-flex-column\" style=\"--awb-bg-size:cover;--awb-width-large:100%;--awb-margin-top-large:0px;--awb-spacing-right-large:1.92%;--awb-margin-bottom-large:0px;--awb-spacing-left-large:1.92%;--awb-width-medium:100%;--awb-spacing-right-medium:1.92%;--awb-spacing-left-medium:1.92%;--awb-width-small:100%;--awb-spacing-right-small:1.92%;--awb-spacing-left-small:1.92%;\"><div class=\"fusion-column-wrapper fusion-flex-justify-content-flex-start fusion-content-layout-column\"><div class=\"fusion-text fusion-text-1\"><h2>Aviso de Privacidad del Consumidor de EE.UU<\/h2>\n<p>\u00daltima modificaci\u00f3n: 23 de marzo de 2023<\/p>\n<table>\n<tbody>\n<tr>\n<td width=\"110\"><strong>HECHOS<\/strong><\/td>\n<td><strong>\u00bfQU\u00c9 HACE PANGEA CON SU INFORMACI\u00d3N PERSONAL?<\/strong><\/td>\n<\/tr>\n<\/tbody>\n<\/table>\n<table>\n<tbody>\n<tr>\n<td width=\"110\"><strong>\u00bfPor qu\u00e9?<\/strong><\/td>\n<td>Las empresas financieras deciden c\u00f3mo comparten sus datos personales. La legislaci\u00f3n federal otorga a los consumidores el derecho a limitar algunos de los intercambios, pero no todos. La legislaci\u00f3n federal tambi\u00e9n nos obliga a informarle de c\u00f3mo recopilamos, compartimos y protegemos sus datos personales. Lea atentamente este aviso para comprender lo que hacemos.<\/td>\n<\/tr>\n<\/tbody>\n<\/table>\n<table>\n<tbody>\n<tr>\n<td width=\"110\"><strong>\u00bfQu\u00e9?<\/strong><\/td>\n<td>Los tipos de datos personales que recopilamos y compartimos dependen del producto o servicio que tenga con nosotros. Esta informaci\u00f3n puede incluir:<\/p>\n<p>\u25aa\u00a0\u00a0\u00a0\u00a0\u00a0\u00a0\u00a0 Informaci\u00f3n de contacto (nombre, direcci\u00f3n, fecha de nacimiento, n\u00famero de tel\u00e9fono, correo electr\u00f3nico)<\/p>\n<p>\u25aa\u00a0\u00a0\u00a0\u00a0\u00a0\u00a0\u00a0 N\u00famero de Seguridad Social e ingresos<\/p>\n<p>\u25aa\u00a0\u00a0\u00a0\u00a0\u00a0\u00a0\u00a0 Saldos de cuentas e historial de transacciones<\/p>\n<p>\u25aa\u00a0\u00a0\u00a0\u00a0\u00a0\u00a0\u00a0 Informaci\u00f3n de pago<\/td>\n<\/tr>\n<\/tbody>\n<\/table>\n<table>\n<tbody>\n<tr>\n<td width=\"110\"><strong>\u00bfC\u00f3mo?<\/strong><\/td>\n<td>Todas las empresas financieras necesitan compartir los datos personales de sus clientes para llevar a cabo su actividad diaria. En la secci\u00f3n siguiente, enumeramos las razones por las que las empresas financieras pueden compartir los datos personales de sus clientes; las razones por las que Pangea decide compartirlos; y si usted puede limitar este intercambio.<\/td>\n<\/tr>\n<\/tbody>\n<\/table>\n<table>\n<tbody>\n<tr>\n<td><strong>Motivos por los que podemos compartir sus datos personales<\/strong><\/td>\n<td><strong>\u00bfLa comparte Pangea?<\/strong><\/td>\n<td><strong>\u00bfPuedes limitar este intercambio?<\/strong><\/td>\n<\/tr>\n<tr>\n<td><strong>Para nuestros asuntos cotidianos&#8230;<\/strong><\/p>\n<p>como procesar sus transacciones, mantener su(s) cuenta(s), responder a \u00f3rdenes judiciales e investigaciones legales, o informar a agencias de cr\u00e9dito<\/td>\n<td>S\u00ed<\/td>\n<td>No<\/td>\n<\/tr>\n<tr>\n<td><strong>Para nuestros fines de marketing.<\/strong><\/p>\n<p>ofrecerle nuestros productos y servicios<\/td>\n<td>S\u00ed<\/td>\n<td>No<\/td>\n<\/tr>\n<tr>\n<td><strong>Para marketing conjunto con otras empresas financieras<\/strong><\/td>\n<td>S\u00ed<\/td>\n<td>No<\/td>\n<\/tr>\n<tr>\n<td><strong>Para los fines comerciales cotidianos de nuestras afiliadas: <\/strong>informaci\u00f3n sobre sus transacciones y experiencias.<\/td>\n<td>S\u00ed<\/td>\n<td>No<\/td>\n<\/tr>\n<tr>\n<td><strong>Para las actividades diarias de nuestras afiliadas.<\/strong><\/p>\n<p>informaci\u00f3n sobre su solvencia<\/td>\n<td>S\u00ed<\/td>\n<td>S\u00ed<\/td>\n<\/tr>\n<tr>\n<td><strong>Para que nuestras afiliadas puedan comercializar con usted<\/strong><\/td>\n<td>S\u00ed<\/td>\n<td>S\u00ed<\/td>\n<\/tr>\n<tr>\n<td><strong>Para que empresas no afiliadas comercialicen con usted<\/strong><\/td>\n<td>S\u00ed<\/td>\n<td>S\u00ed<\/td>\n<\/tr>\n<\/tbody>\n<\/table>\n<table>\n<tbody>\n<tr>\n<td width=\"130\"><strong>Para limitar nuestro intercambio<\/strong><\/td>\n<td>\u25aa\u00a0\u00a0\u00a0\u00a0\u00a0\u00a0\u00a0 Env\u00edenos un correo electr\u00f3nico a privacy@gopangea.com<\/p>\n<p>\u25aa\u00a0\u00a0\u00a0\u00a0\u00a0\u00a0\u00a0 Env\u00ede por correo el <strong>formulario<\/strong> siguiente<\/p>\n<p>Si usted es un cliente <em>nuevo<\/em>, podemos empezar a compartir su informaci\u00f3n treinta (30) d\u00edas despu\u00e9s de la fecha de env\u00edo de este aviso. Cuando <em>deje de ser <\/em>nuestro cliente, seguiremos compartiendo su informaci\u00f3n seg\u00fan se describe en este aviso.<\/p>\n<p>No obstante, puede ponerse en contacto con nosotros en cualquier momento para limitar la informaci\u00f3n que compartimos.<\/td>\n<\/tr>\n<tr>\n<td width=\"130\"><strong>Para limitar el contacto comercial directo<\/strong><\/td>\n<td>Las exclusiones voluntarias de marketing directo se gestionan de la manera siguiente para cada canal de marketing:<\/p>\n<p>\u25cf\u00a0\u00a0\u00a0\u00a0\u00a0\u00a0 Las bajas por correo electr\u00f3nico se producen cuando los usuarios hacen clic en un enlace de baja recibido en un correo electr\u00f3nico de marketing.<\/p>\n<p>\u25cf\u00a0\u00a0\u00a0\u00a0\u00a0\u00a0 Las solicitudes de exclusi\u00f3n por SMS se producen cuando un usuario responde con la palabra clave STOP a nuestro c\u00f3digo corto de marketing n\u00famero 726-432.<\/p>\n<p>\u25cf\u00a0\u00a0\u00a0\u00a0\u00a0\u00a0 Las preferencias de inclusi\u00f3n\/exclusi\u00f3n de las notificaciones push (tambi\u00e9n conocidas como notificaciones de aplicaciones) se gestionan en los ajustes del tel\u00e9fono m\u00f3vil de cada usuario.<\/p>\n<p>Pangea no realiza marketing directo por correo ni llamadas salientes. Aunque limite el marketing directo, podremos ponernos en contacto con usted para prestar servicio a su cuenta o de cualquier otra forma permitida por la ley.<\/td>\n<\/tr>\n<\/tbody>\n<\/table>\n<table>\n<tbody>\n<tr>\n<td><strong>\u00bfPreguntas?<\/strong><\/td>\n<td>Llame gratis al <a href=\"tel:+8663952938\">866-395-2938<\/a> o visite pangeamoneytransfer.com.<\/td>\n<\/tr>\n<\/tbody>\n<\/table>\n<table>\n<tbody>\n<tr>\n<td colspan=\"3\"><strong>Formulario por Correo<\/strong><\/td>\n<\/tr>\n<tr>\n<td colspan=\"3\">Marque los que desee limitar:<\/p>\n<p>\u2022\u00a0\u00a0 No compartan informaci\u00f3n sobre mi solvencia con sus afiliadas para sus fines comerciales cotidianos.<\/p>\n<p>\u2022\u00a0\u00a0 No compartan mis datos personales con afiliadas para que me comercialicen sus productos y servicios.<\/p>\n<p>\u2022\u00a0\u00a0 No compartan mis datos personales con empresas no afiliadas para que me comercialicen sus productos y servicios.<\/td>\n<\/tr>\n<tr>\n<td rowspan=\"5\"><strong>Nombre<\/strong><\/p>\n<p><strong>Direcci\u00f3n<\/strong><\/p>\n<p><strong>\u00a0<\/strong><\/p>\n<p><strong>Ciudad, Estado, C.P.<\/strong><\/p>\n<p><strong>No. de Cuenta<\/strong><\/td>\n<td><\/td>\n<td rowspan=\"5\"><strong>Enviar por correo a: <\/strong><\/p>\n<p>Pangea Money Transfer<\/p>\n<p>175 W. Jackson Blvd., Ste 600<\/p>\n<p>Chicago, IL 60604<\/td>\n<\/tr>\n<tr>\n<td><\/td>\n<\/tr>\n<tr>\n<td><\/td>\n<\/tr>\n<tr>\n<td><\/td>\n<\/tr>\n<tr>\n<td><\/td>\n<\/tr>\n<\/tbody>\n<\/table>\n<\/div><\/div><\/div><\/div><\/div>\n","protected":false},"excerpt":{"rendered":"","protected":false},"author":22,"featured_media":0,"parent":0,"menu_order":0,"comment_status":"closed","ping_status":"closed","template":"","meta":{"_acf_changed":false,"inline_featured_image":false,"footnotes":""},"class_list":["post-36388","page","type-page","status-publish","hentry"],"acf":[],"_links":{"self":[{"href":"https:\/\/pangeamoneytransfer.com\/es\/wp-json\/wp\/v2\/pages\/36388","targetHints":{"allow":["GET"]}}],"collection":[{"href":"https:\/\/pangeamoneytransfer.com\/es\/wp-json\/wp\/v2\/pages"}],"about":[{"href":"https:\/\/pangeamoneytransfer.com\/es\/wp-json\/wp\/v2\/types\/page"}],"author":[{"embeddable":true,"href":"https:\/\/pangeamoneytransfer.com\/es\/wp-json\/wp\/v2\/users\/22"}],"replies":[{"embeddable":true,"href":"https:\/\/pangeamoneytransfer.com\/es\/wp-json\/wp\/v2\/comments?post=36388"}],"version-history":[{"count":2,"href":"https:\/\/pangeamoneytransfer.com\/es\/wp-json\/wp\/v2\/pages\/36388\/revisions"}],"predecessor-version":[{"id":36506,"href":"https:\/\/pangeamoneytransfer.com\/es\/wp-json\/wp\/v2\/pages\/36388\/revisions\/36506"}],"wp:attachment":[{"href":"https:\/\/pangeamoneytransfer.com\/es\/wp-json\/wp\/v2\/media?parent=36388"}],"curies":[{"name":"wp","href":"https:\/\/api.w.org\/{rel}","templated":true}]}}