{"id":35767,"date":"2025-04-10T20:32:33","date_gmt":"2025-04-10T20:32:33","guid":{"rendered":"https:\/\/pangeamoneytransfer.com\/?page_id=35767"},"modified":"2025-07-30T14:03:06","modified_gmt":"2025-07-30T14:03:06","slug":"mexico","status":"publish","type":"page","link":"https:\/\/pangeamoneytransfer.com\/es\/send-money\/mexico\/","title":{"rendered":"Env\u00eda Dinero a M\u00e9xico de Forma R\u00e1pida y Segura"},"content":{"rendered":"","protected":false},"excerpt":{"rendered":"","protected":false},"author":22,"featured_media":0,"parent":25436,"menu_order":0,"comment_status":"closed","ping_status":"closed","template":"templates\/country-landing-redesign.php","meta":{"_acf_changed":false,"inline_featured_image":false,"footnotes":""},"class_list":["post-35767","page","type-page","status-publish","hentry"],"acf":[],"_links":{"self":[{"href":"https:\/\/pangeamoneytransfer.com\/es\/wp-json\/wp\/v2\/pages\/35767","targetHints":{"allow":["GET"]}}],"collection":[{"href":"https:\/\/pangeamoneytransfer.com\/es\/wp-json\/wp\/v2\/pages"}],"about":[{"href":"https:\/\/pangeamoneytransfer.com\/es\/wp-json\/wp\/v2\/types\/page"}],"author":[{"embeddable":true,"href":"https:\/\/pangeamoneytransfer.com\/es\/wp-json\/wp\/v2\/users\/22"}],"replies":[{"embeddable":true,"href":"https:\/\/pangeamoneytransfer.com\/es\/wp-json\/wp\/v2\/comments?post=35767"}],"version-history":[{"count":13,"href":"https:\/\/pangeamoneytransfer.com\/es\/wp-json\/wp\/v2\/pages\/35767\/revisions"}],"predecessor-version":[{"id":36318,"href":"https:\/\/pangeamoneytransfer.com\/es\/wp-json\/wp\/v2\/pages\/35767\/revisions\/36318"}],"up":[{"embeddable":true,"href":"https:\/\/pangeamoneytransfer.com\/es\/wp-json\/wp\/v2\/pages\/25436"}],"wp:attachment":[{"href":"https:\/\/pangeamoneytransfer.com\/es\/wp-json\/wp\/v2\/media?parent=35767"}],"curies":[{"name":"wp","href":"https:\/\/api.w.org\/{rel}","templated":true}]}}