{"id":30426,"date":"2022-04-14T02:14:21","date_gmt":"2022-04-14T02:14:21","guid":{"rendered":"https:\/\/pangeamoneytransfer.com\/?page_id=30426"},"modified":"2022-04-14T02:31:40","modified_gmt":"2022-04-14T02:31:40","slug":"send-mom-more","status":"publish","type":"page","link":"https:\/\/pangeamoneytransfer.com\/es\/send-money\/send-mom-more\/","title":{"rendered":"Env\u00eda a Mam\u00e1 M\u00e1s"},"content":{"rendered":"","protected":false},"excerpt":{"rendered":"","protected":false},"author":4,"featured_media":0,"parent":25436,"menu_order":0,"comment_status":"closed","ping_status":"closed","template":"template-seasonal.php","meta":{"_acf_changed":false,"inline_featured_image":false,"footnotes":""},"class_list":["post-30426","page","type-page","status-publish","hentry"],"acf":[],"_links":{"self":[{"href":"https:\/\/pangeamoneytransfer.com\/es\/wp-json\/wp\/v2\/pages\/30426","targetHints":{"allow":["GET"]}}],"collection":[{"href":"https:\/\/pangeamoneytransfer.com\/es\/wp-json\/wp\/v2\/pages"}],"about":[{"href":"https:\/\/pangeamoneytransfer.com\/es\/wp-json\/wp\/v2\/types\/page"}],"author":[{"embeddable":true,"href":"https:\/\/pangeamoneytransfer.com\/es\/wp-json\/wp\/v2\/users\/4"}],"replies":[{"embeddable":true,"href":"https:\/\/pangeamoneytransfer.com\/es\/wp-json\/wp\/v2\/comments?post=30426"}],"version-history":[{"count":2,"href":"https:\/\/pangeamoneytransfer.com\/es\/wp-json\/wp\/v2\/pages\/30426\/revisions"}],"predecessor-version":[{"id":30442,"href":"https:\/\/pangeamoneytransfer.com\/es\/wp-json\/wp\/v2\/pages\/30426\/revisions\/30442"}],"up":[{"embeddable":true,"href":"https:\/\/pangeamoneytransfer.com\/es\/wp-json\/wp\/v2\/pages\/25436"}],"wp:attachment":[{"href":"https:\/\/pangeamoneytransfer.com\/es\/wp-json\/wp\/v2\/media?parent=30426"}],"curies":[{"name":"wp","href":"https:\/\/api.w.org\/{rel}","templated":true}]}}