{"id":23916,"date":"2021-04-11T15:37:03","date_gmt":"2021-04-11T15:37:03","guid":{"rendered":"https:\/\/pangeamoneytransfer.com\/?page_id=23916"},"modified":"2021-04-11T19:45:48","modified_gmt":"2021-04-11T19:45:48","slug":"remmesa-bill-pay-terms","status":"publish","type":"page","link":"https:\/\/pangeamoneytransfer.com\/es\/remmesa-bill-pay-terms\/","title":{"rendered":"Remmesa Bill Pay Terms"},"content":{"rendered":"<h2>T\u00e9rminos de pago de factura<\/h2>\n<p>\u00daltima modificaci\u00f3n: 20 de diciembre<\/p>\n<p><em>Los servicios de transmisi\u00f3n de dinero son proporcionados exclusivamente por Pangea USA, LLC, que es un transmisor de dinero con licencia y registrado bajo las leyes estatales y federales aplicables. Remmesa no ofrece servicios de transmisi\u00f3n de dinero o bancarios en los Estados Unidos.<\/em><\/p>\n<p>1.\u00a0Pangea usa al proveedor de software Arcus Financial Intelligence, Inc. (\u201cArcus\u201d), para vincular los servicios de Pangea con proveedores externos usando las credenciales que t\u00fa, el Usuario, haz proporcionado. El uso de los servicios de Pangea constituye tu consentimiento para autorizar a Pangea y Arcus a acceder a proveedores externos, utilizando la informaci\u00f3n que haz proporcionado, para recuperar, procesar y almacenar la informaci\u00f3n que tienen dichos proveedores externos. Le otorgas a Pangea y Arcus un poder notarial limitado, y por la presente designas a Pangea tu abogado de hecho legal, en todas capacidades, para utilizar cualquier informaci\u00f3n que proporciones para realizar lo anterior. Aceptas que Arcus puede usar informaci\u00f3n an\u00f3nima y no personal identificable obtenida de dichos proveedores externos para el aseguramiento de la calidad, la prevenci\u00f3n de fraudes, estad\u00edstica y otros fines relacionados con la prestaci\u00f3n de servicios de Arcus a Pangea.<\/p>\n<p>2. ACEPTAS QUE PANGEA O ARCUS ACTUAR\u00c1N EN TU NOMBRE, COMO TU AGENTE, PARA ACCEDER A LOS SITIOS DE TERCEROS UTILIZANDO LA INFORMACI\u00d3N QUE HAZ PROPORCIONADO.<\/p>\n<p>3.\u00a0ACEPTAS QUE NI PANGEA, NI ARCUS, NI NINGUNO DE SUS AFILIADOS SER\u00c1N RESPONSABLES POR CUALQUIER DA\u00d1O DIRECTO O INDIRECTO RESULTADO DEL USO O LA INCAPACIDAD DE USAR LOS SERVICIOS DE PANGEA. Adem\u00e1s, aceptas indemnizar y eximir de responsabilidad a Pangea, Arcus y sus respectivas filiales de reclamos, da\u00f1os y costos a terceros causados \u200b\u200bpor el uso de los servicios de Pangea o la violaci\u00f3n de estos t\u00e9rminos.<\/p>\n<p>4.\u00a0CANCELACI\u00d3N: una vez que se haya procesado una transacci\u00f3n de pago de facturas y que Arcus haya enviado fondos al facturador del beneficiario, la transacci\u00f3n no se puede cancelar. Si bien esto suele suceder dentro de unos minutos, puede haber un retraso antes de que el pago se muestre en la cuenta del beneficiario con el facturador.<\/p>\n<p>5.\u00a0DISPONIBILIDAD: las transacciones de pago de facturas no est\u00e1n disponibles en todas las jurisdicciones.<\/p>\n","protected":false},"excerpt":{"rendered":"<p>T\u00e9rminos de pago de factura \u00daltima modificaci\u00f3n: 20 de diciembre [&hellip;]<\/p>\n","protected":false},"author":1,"featured_media":0,"parent":0,"menu_order":0,"comment_status":"closed","ping_status":"closed","template":"","meta":{"_acf_changed":false,"inline_featured_image":false,"footnotes":""},"class_list":["post-23916","page","type-page","status-publish","hentry"],"acf":[],"_links":{"self":[{"href":"https:\/\/pangeamoneytransfer.com\/es\/wp-json\/wp\/v2\/pages\/23916","targetHints":{"allow":["GET"]}}],"collection":[{"href":"https:\/\/pangeamoneytransfer.com\/es\/wp-json\/wp\/v2\/pages"}],"about":[{"href":"https:\/\/pangeamoneytransfer.com\/es\/wp-json\/wp\/v2\/types\/page"}],"author":[{"embeddable":true,"href":"https:\/\/pangeamoneytransfer.com\/es\/wp-json\/wp\/v2\/users\/1"}],"replies":[{"embeddable":true,"href":"https:\/\/pangeamoneytransfer.com\/es\/wp-json\/wp\/v2\/comments?post=23916"}],"version-history":[{"count":4,"href":"https:\/\/pangeamoneytransfer.com\/es\/wp-json\/wp\/v2\/pages\/23916\/revisions"}],"predecessor-version":[{"id":24004,"href":"https:\/\/pangeamoneytransfer.com\/es\/wp-json\/wp\/v2\/pages\/23916\/revisions\/24004"}],"wp:attachment":[{"href":"https:\/\/pangeamoneytransfer.com\/es\/wp-json\/wp\/v2\/media?parent=23916"}],"curies":[{"name":"wp","href":"https:\/\/api.w.org\/{rel}","templated":true}]}}