{"id":23914,"date":"2021-04-11T15:35:33","date_gmt":"2021-04-11T15:35:33","guid":{"rendered":"https:\/\/pangeamoneytransfer.com\/?page_id=23914"},"modified":"2025-08-05T19:23:51","modified_gmt":"2025-08-05T19:23:51","slug":"remmesa-sms","status":"publish","type":"page","link":"https:\/\/pangeamoneytransfer.com\/es\/remmesa-sms\/","title":{"rendered":"Remmesa SMS"},"content":{"rendered":"<div class=\"fusion-fullwidth fullwidth-box fusion-builder-row-1 fusion-flex-container nonhundred-percent-fullwidth non-hundred-percent-height-scrolling\" style=\"--awb-border-radius-top-left:0px;--awb-border-radius-top-right:0px;--awb-border-radius-bottom-right:0px;--awb-border-radius-bottom-left:0px;--awb-flex-wrap:wrap;\" ><div class=\"fusion-builder-row fusion-row fusion-flex-align-items-flex-start fusion-flex-content-wrap\" style=\"max-width:1300px;margin-left: calc(-4% \/ 2 );margin-right: calc(-4% \/ 2 );\"><div class=\"fusion-layout-column fusion_builder_column fusion-builder-column-0 fusion_builder_column_1_1 1_1 fusion-flex-column\" style=\"--awb-bg-size:cover;--awb-width-large:100%;--awb-margin-top-large:0px;--awb-spacing-right-large:1.92%;--awb-margin-bottom-large:0px;--awb-spacing-left-large:1.92%;--awb-width-medium:100%;--awb-spacing-right-medium:1.92%;--awb-spacing-left-medium:1.92%;--awb-width-small:100%;--awb-spacing-right-small:1.92%;--awb-spacing-left-small:1.92%;\"><div class=\"fusion-column-wrapper fusion-flex-justify-content-flex-start fusion-content-layout-column\"><div class=\"fusion-text fusion-text-1\"><h2>Programa de Mensajes de Texto Recurrentes de Pangea<\/h2>\n<p>\u00daltima modificaci\u00f3n: October 21, 2020<\/p>\n<p><em data-renderer-mark=\"true\">Los servicios de transmisi\u00f3n de dinero son proporcionados exclusivamente por Pangea USA, LLC, que es un transmisor de dinero con licencia y registrado bajo las leyes estatales y federales aplicables. Remmesa no ofrece servicios de transmisi\u00f3n de dinero o bancarios en los Estados Unidos.<\/em><\/p>\n<p><strong>T\u00e9rminos y Condiciones<br \/>\n<\/strong><br \/>\nAl optar por el Programa (seg\u00fan se define m\u00e1s adelante), usted acepta los presentes T\u00e9rminos y Condiciones del Programa de Mensajes de Texto Recurrentes\u00a0<strong>de Pangea<\/strong>\u00a0(\u201cT\u00e9rminos y Condiciones\u201d) y la\u00a0<a href=\"https:\/\/pangeamoneytransfer.com\/es\/privacy\/\">Pol\u00edtica de Privacidad<\/a>\u00a0de Pangea.<\/p>\n<p><strong>Descripci\u00f3n del Programa:<\/strong>\u00a0Peri\u00f3dicamente le enviaremos mensajes de texto con actualizaciones, promociones y\/o informaci\u00f3n de productos (el \u201cPrograma\u201d). Los mensajes se env\u00edan\u00a0<strong>hasta 30 veces al mes<\/strong>.\u00a0No se requiere su consentimiento para recibir textos de marketing como condici\u00f3n para adquirir cualquier propiedad, bienes o servicios de nosotros.<\/p>\n<p>Si opta por ello, podemos enviarle anuncios o mensajes de telemercadeo y\/u ofertas promocionales utilizando un sistema de marcaci\u00f3n telef\u00f3nica autom\u00e1tica o un mensaje de voz o de texto SMS artificial o pregrabado al n\u00famero de tel\u00e9fono m\u00f3vil proporcionado en la configuraci\u00f3n de su Cuenta. Tambi\u00e9n podemos ponernos en contacto con usted para proporcionarle informaci\u00f3n sobre otros productos financieros o de consumo ofrecidos por Pangea o por otros que consideremos que pueden interesarle. Pueden aplicarse las tarifas de mensajes y datos del operador.\u00a0<strong>Pueden aplicarse las tarifas de mensajes y datos del operador.<\/strong><\/p>\n<p>Usted acepta que es propietario o est\u00e1 autorizado a proporcionar cualquier n\u00famero de tel\u00e9fono m\u00f3vil que utilice para inscribirse en los Servicios de Pangea y\/o establecer una Cuenta con Pangea. Si opta por no recibir mensajes de texto de marketing de Pangea, todav\u00eda podemos enviarle comunicaciones no promocionales, tales como recibos de operaciones digitales, notificaciones sobre su cuenta, informaci\u00f3n que puede impactar en su uso del Servicio y cualquier cambio en nuestros T\u00e9rminos y Condiciones y nuestra Pol\u00edtica de Privacidad.<\/p>\n<p><strong>C\u00f3mo inscribirse:<\/strong>\u00a0Puede inscribirse al Programa al crear su cuenta y aceptar los t\u00e9rminos presentados en el sitio web y la aplicaci\u00f3n m\u00f3vil (incluidos los presentes T\u00e9rminos y Condiciones).<\/p>\n<p><strong>C\u00f3mo darse de baja:<\/strong>\u00a0Puede escribir \u201cSTOP\u201d al\u00a0<strong>726432<\/strong>\u00a0para dejar de recibir m\u00e1s mensajes de texto. Tambi\u00e9n puede optar por no recibirlos enviando un mensaje de texto a \u201cPARAR\u201d, \u201cFIN\u201d, \u201cCANCELAR\u201d o \u201cDES-SUSCRIBIRSE\u201d. Una vez que se haya dado de baja, le enviaremos una \u00fanica confirmaci\u00f3n de baja y dejaremos de enviarle mensajes de texto desde el\u00a0<strong>726432<\/strong>\u00a0a menos que vuelva a darse de alta. La exclusi\u00f3n de los mensajes de texto del\u00a0<strong>726432<\/strong>\u00a0no lo excluir\u00e1 de otros mensajes de texto de operaciones o llamadas que haya elegido o que elija recibir de nosotros.<\/p>\n<p><strong>Apoyo\/Ayuda:<\/strong>\u00a0En caso de preguntas, env\u00ede un correo electr\u00f3nico a\u00a0<strong><a href=\"mailto:help@gopangea.com\">help@gopangea.com<\/a><\/strong>\u00a0o llame al\u00a0<strong>866-858-9928<\/strong>. Tambi\u00e9n puede enviar un mensaje de texto con \u201cAYUDA\u201d al\u00a0<strong>726432<\/strong>\u00a0para recibir un mensaje de texto con nuestro nombre (Pangea) y una direcci\u00f3n y n\u00famero de correo electr\u00f3nico al que puede dirigir sus preguntas.<\/p>\n<p><strong>Operadores Soportados:<\/strong>\u00a0Los operadores soportados pueden cambiar de tiempo en tiempo:<\/p>\n<p>Verizon Wireless, AT&amp;T, T-Mobile, Sprint Nextel (CDMA), U.S. Cellular, Alltel (Pre-Verizon Merger), Virgin Mobile, Sprint Nextel (IDEN), Unicel, Dobson, Boost IDEN, CellCom, Appalachian Wireless, Bluegrass Wireless, IMMIX\/Limitless Wireless, West Central Wireless, Cellular South, ACS Wireless, GCI Communications, Illinois Valley Cellular, Inland Cellular, Nextech Wireless, Thumb Cellular, United Wireless, Viaero Wireless, Carolina West, Union Cellular, Pioneer Cellular, Northwestern Missouri Cellular, Chat Mobility, Cellular One Nation, Chariton Valley, Duet Panhandle Telecommunications, Cross Wireless, RINA Wireless, Pine Cellular, Aio Wireless, Sagebrush Cellular, Claro (Puerto Rico), Copper Valley, Bandwidth, Cellular One Northeast Arizona, Google Voice, Enflick, Nemont (Sagebrush PCS), ASTAC, Triangle Mobile, Brightlink, Cordova Wireless, Inteliquent, Pine Belt Cellular, SouthernLINC, Standing, Rock, ATNI, Open Mobile (Puerto Rico), IT&amp;E, James Valley Cellular, Textme, Digital Communications Consulting, Pinger, Aerialink, Telnyx, Altice Mobile, Viya, Indigo Wireless, Ring Central, Plivo, First Point (1st Point), GTA, Zip Whip, Truphone, TSG Global Flextalk.<\/p>\n<p><strong>Entrega:<\/strong>\u00a0No garantizamos que reciba ning\u00fan mensaje de texto en el marco del Programa. Circunstancias fuera de nuestro control, incluyendo problemas de red, pueden resultar en que no reciba nuestro mensaje de texto. Ni su operador ni Pangea son responsables de los mensajes de texto retrasados o no entregados.<\/p>\n<p><strong>Elegibilidad:<\/strong>\u00a0El Programa est\u00e1 destinado a los residentes de los Estados Unidos que tengan al menos 18 a\u00f1os de edad.<\/p>\n<p><strong>Cambios en los T\u00e9rminos y Condiciones:<\/strong>\u00a0Podemos revisar, modificar o enmendar los presentes T\u00e9rminos y Condiciones en cualquier momento. Cualquier revisi\u00f3n, modificaci\u00f3n o enmienda entrar\u00e1 en vigor cuando se publique en nuestro sitio web. Usted acepta revisar los presentes T\u00e9rminos y Condiciones peri\u00f3dicamente para asegurarse de que est\u00e1 al tanto de cualquier cambio.<\/p>\n<p><strong>Terminaci\u00f3n del Programa:<\/strong>\u00a0Nos reservamos el derecho de modificar o interrumpir, temporal o permanentemente, todo o cualquier parte del Programa, con o sin previo aviso.<\/p>\n<p>\u00a9 Pangea Universal Holdings, Inc. 2020<br \/>\n\u00a9 Pangea USA, LLC 2020<br \/>\n\u00a9 Pangea Latin America, S.A. de C.V. 2020<\/p>\n<\/div><\/div><\/div><\/div><\/div>\n","protected":false},"excerpt":{"rendered":"","protected":false},"author":1,"featured_media":0,"parent":0,"menu_order":0,"comment_status":"closed","ping_status":"closed","template":"","meta":{"_acf_changed":false,"inline_featured_image":false,"footnotes":""},"class_list":["post-23914","page","type-page","status-publish","hentry"],"acf":[],"_links":{"self":[{"href":"https:\/\/pangeamoneytransfer.com\/es\/wp-json\/wp\/v2\/pages\/23914","targetHints":{"allow":["GET"]}}],"collection":[{"href":"https:\/\/pangeamoneytransfer.com\/es\/wp-json\/wp\/v2\/pages"}],"about":[{"href":"https:\/\/pangeamoneytransfer.com\/es\/wp-json\/wp\/v2\/types\/page"}],"author":[{"embeddable":true,"href":"https:\/\/pangeamoneytransfer.com\/es\/wp-json\/wp\/v2\/users\/1"}],"replies":[{"embeddable":true,"href":"https:\/\/pangeamoneytransfer.com\/es\/wp-json\/wp\/v2\/comments?post=23914"}],"version-history":[{"count":7,"href":"https:\/\/pangeamoneytransfer.com\/es\/wp-json\/wp\/v2\/pages\/23914\/revisions"}],"predecessor-version":[{"id":36396,"href":"https:\/\/pangeamoneytransfer.com\/es\/wp-json\/wp\/v2\/pages\/23914\/revisions\/36396"}],"wp:attachment":[{"href":"https:\/\/pangeamoneytransfer.com\/es\/wp-json\/wp\/v2\/media?parent=23914"}],"curies":[{"name":"wp","href":"https:\/\/api.w.org\/{rel}","templated":true}]}}