{"id":23909,"date":"2021-04-11T15:33:58","date_gmt":"2021-04-11T15:33:58","guid":{"rendered":"https:\/\/pangeamoneytransfer.com\/?page_id=23909"},"modified":"2025-08-05T19:22:17","modified_gmt":"2025-08-05T19:22:17","slug":"remmesa-promo-terms","status":"publish","type":"page","link":"https:\/\/pangeamoneytransfer.com\/es\/remmesa-promo-terms\/","title":{"rendered":"Remmesa Promotions"},"content":{"rendered":"<div class=\"fusion-fullwidth fullwidth-box fusion-builder-row-1 fusion-flex-container nonhundred-percent-fullwidth non-hundred-percent-height-scrolling\" style=\"--awb-border-radius-top-left:0px;--awb-border-radius-top-right:0px;--awb-border-radius-bottom-right:0px;--awb-border-radius-bottom-left:0px;--awb-flex-wrap:wrap;\" ><div class=\"fusion-builder-row fusion-row fusion-flex-align-items-flex-start fusion-flex-content-wrap\" style=\"max-width:1300px;margin-left: calc(-4% \/ 2 );margin-right: calc(-4% \/ 2 );\"><div class=\"fusion-layout-column fusion_builder_column fusion-builder-column-0 fusion_builder_column_1_1 1_1 fusion-flex-column\" style=\"--awb-bg-size:cover;--awb-width-large:100%;--awb-margin-top-large:0px;--awb-spacing-right-large:1.92%;--awb-margin-bottom-large:0px;--awb-spacing-left-large:1.92%;--awb-width-medium:100%;--awb-spacing-right-medium:1.92%;--awb-spacing-left-medium:1.92%;--awb-width-small:100%;--awb-spacing-right-small:1.92%;--awb-spacing-left-small:1.92%;\"><div class=\"fusion-column-wrapper fusion-flex-justify-content-flex-start fusion-content-layout-column\"><div class=\"fusion-text fusion-text-1\"><h2>T\u00e9rminos promocionales<\/h2>\n<p>\u00daltima modificaci\u00f3n: 9 de junio de 2025<\/p>\n<p><em data-renderer-mark=\"true\">Los servicios de transmisi\u00f3n de dinero son proporcionados exclusivamente por Pangea USA, LLC, que es un transmisor de dinero con licencia y registrado bajo las leyes estatales y federales aplicables. Remmesa no ofrece servicios de transmisi\u00f3n de dinero o bancarios en los Estados Unidos.<\/em><\/p>\n<p>Los presentes t\u00e9rminos promocionales (\u201cT\u00e9rminos Promocionales\u201d) constituyen un acuerdo entre t\u00fa (el \u201cCliente\u201d, el \u201cRemitente\u201d o el \u201cUsuario\u201d, seg\u00fan se define en los T\u00e9rminos y Condiciones que se pueden encontrar en <a href=\"https:\/\/pangeamoneytransfer.com\/es\/terms\/\">pangeamoneytransfer.com\/es\/terms\/<\/a>) y Pangea (\u201cPangea\u201d, \u201cnosotros\u201d y \u201cnuestro\u201d). Este acuerdo es un \u201cT\u00e9rmino Suplementario\u201d seg\u00fan se define en los T\u00e9rminos y Condiciones que se incorporan por referencia en su totalidad.<\/p>\n<p><strong>C\u00f3digos Promocionales<\/strong><br \/>\nPangea puede, a su entera discreci\u00f3n, crear c\u00f3digos promocionales que pueden ser canjeables por cr\u00e9dito en la cuenta u otras caracter\u00edsticas o beneficios relacionados con los servicios de un proveedor externo, sujeto a los t\u00e9rminos que Pangea establezca por c\u00f3digo promocional (<strong>\u201cC\u00f3digos Promocionales\u201d<\/strong>). T\u00fa aceptas que los C\u00f3digos Promocionales (a) deben ser utilizados por el p\u00fablico al que van dirigidos, para el prop\u00f3sito previsto y de forma legal; <strong>(b) no pueden ser duplicados, vendidos o compartidos de ninguna manera, ni puestos a disposici\u00f3n del p\u00fablico en general<\/strong>, a menos que Pangea lo permita expresamente; (c) pueden ser desactivados por Pangea en cualquier momento y por cualquier motivo, sin responsabilidad para Pangea; (d) solo pueden ser utilizados de acuerdo con los t\u00e9rminos espec\u00edficos que Pangea establezca para dicho C\u00f3digo Promocional; (e) no son canjeables por dinero en efectivo; y (f) pueden expirar antes de su uso. Pangea se reserva el derecho de retener o deducir los cr\u00e9ditos u otras caracter\u00edsticas o beneficios obtenidos mediante el uso de C\u00f3digos Promocionales por ti o por cualquier otro usuario en el caso de que Pangea determine o crea que el uso o el canje del C\u00f3digo Promocional fue err\u00f3neo, fraudulento, ilegal o que infringe los presentes T\u00e9rminos. Los C\u00f3digos Promocionales solo son v\u00e1lidos para los usuarios que residen en un estado en el que opera Pangea.<\/p>\n<p><strong>C\u00f3digo de Invitaci\u00f3n Personal alias C\u00f3digo Promocional Personal<\/strong><br \/>\nPuedes ganar bonificaciones invitando a amigos y familiares a descargar y hacer una primera transferencia utilizando tu c\u00f3digo de invitaci\u00f3n personal (<strong>\u201cC\u00f3digo de Invitaci\u00f3n Personal\u201d<\/strong>). Despu\u00e9s de crear tu cuenta con Pangea, recibir\u00e1s un c\u00f3digo de invitaci\u00f3n personal. Si compartes ese c\u00f3digo con amigos o familiares, cada uno de ellos podr\u00e1 recibir un bono al hacer una transferencia m\u00ednima de $20 o su equivalente (excluyendo comisiones). La cantidad total del bono var\u00eda seg\u00fan la regi\u00f3n y est\u00e1 sujeta a cambios. Si la transferencia es de por lo menos $20 o m\u00e1s (excluyendo comisiones) recibir\u00e1s el bono despu\u00e9s de que la transferencia que ellos hagan haya sido completada. Puedes usar el bono en la siguiente transferencia, la cual deber\u00e1 de ser por una cantidad m\u00ednima de $20 o m\u00e1s (excluyendo comisiones). Las bonificaciones no son canjeables por dinero.<br \/>\nTu C\u00f3digo de Invitaci\u00f3n Personal solo puede ser utilizado para fines personales y no comerciales. No dudes en compartir tu c\u00f3digo de invitaci\u00f3n con tus amigos y familiares a trav\u00e9s de correo electr\u00f3nico, SMS, WhatsApp, p\u00e1ginas de Facebook, blogs personales, etc. donde t\u00fa eres el principal propietario del contenido. Sin embargo, no podr\u00e1s distribuir tu c\u00f3digo de invitaci\u00f3n en sitios en los que t\u00fa seas un colaborador pero no el propietario principal del contenido (por ejemplo, Wikipedia, sitios web de cupones, tiendas de aplicaciones y sitios web de rese\u00f1as de aplicaciones) y no podr\u00e1s promocionar tu c\u00f3digo de invitaci\u00f3n a trav\u00e9s de plataformas de marketing de motores de b\u00fasqueda (por ejemplo, AdWords\/Yahoo\/Bing). Pangea se reserva el derecho de cancelar cualquier C\u00f3digo Personal de Invitaci\u00f3n cuando se sospeche de abuso o fraude. No podr\u00e1s invitarte (i) a ti mismo, (ii) a alguien que utilice la misma tarjeta de d\u00e9bito que t\u00fa, o (iii) a alguien que utilice el mismo dispositivo m\u00f3vil que t\u00fa.<\/p>\n<p>Solo puedes usar un c\u00f3digo de referencia 7 veces. Adem\u00e1s, no puedes enviarte c\u00f3digos de referencia a ti mismo. Pangea se reserva el derecho de cancelar un c\u00f3digo de invitaci\u00f3n personal o cerrar una cuenta si se sospecha de abuso o fraude.<\/p>\n<p>Los C\u00f3digos de Invitaci\u00f3n Personal no pueden ser canjeados si el destinatario ya ha recibido 3 transferencias o m\u00e1s en la plataforma Pangea, o si ha recibido 2 transferencias en los \u00faltimos 12 meses.<\/p>\n<p>S\u00f3lo un C\u00f3digo Personal de Invitaci\u00f3n puede ser canjeado por usuario que env\u00eda.<\/p>\n<p>Las bonificaciones obtenidas a trav\u00e9s del C\u00f3digo de Invitaci\u00f3n Personal caducan a los 120 d\u00edas de su obtenci\u00f3n. Las bonificaciones se aplicar\u00e1n a las transferencias en USD y no podr\u00e1n combinarse con otro cup\u00f3n o descuento. Pueden aplicarse otras restricciones.<\/p>\n<p>Si incumples alguna de las normas aplicables a los C\u00f3digos de Invitaci\u00f3n Personal, los C\u00f3digos Promocionales o las bonificaciones, Pangea podr\u00e1 retirar los cr\u00e9ditos al titular de la cuenta, cancelar un C\u00f3digo Promocional o una bonificaci\u00f3n, y\/o suspender tu cuenta sin previo aviso.<\/p>\n<p><strong>Promoci\u00f3n de Cambio de Divisas<\/strong><br \/>\nT\u00fa puedes ser elegible para hacer una transferencia hasta $500 a M\u00e9xico, Guatemala, Colombia, Tailandia, Rep\u00fablica Dominicana o Filipinas al tipo de cambio (<strong>\u201cTipo de cambio promocional\u201d<\/strong>) publicado en nuestra p\u00e1gina web de Pangea o aplicaci\u00f3n m\u00f3vil que se vincul\u00f3 a estos t\u00e9rminos promocionales (<strong>\u201cPromoci\u00f3n de cambio de divisas\u201d<\/strong>). Los importes de las transferencias superiores a 500 d\u00f3lares se convertir\u00e1n al tipo de cambio est\u00e1ndar. La promoci\u00f3n de cambio de divisas est\u00e1 disponible para clientes nuevos o clientes existentes que califiquen. El tipo de cambio promocional se aplicar\u00e1 autom\u00e1ticamente a tu transferencia o transferencias elegidas hasta que el total de todas las transferencias iniciales alcancen un valor de $500, despu\u00e9s de lo cual se aplicar\u00e1n las tarifas est\u00e1ndar. La promoci\u00f3n no ser\u00e1 v\u00e1lida para ninguna transacci\u00f3n que sea cancelada por ti o por Pangea. El tipo de cambio promocional est\u00e1 sujeto a cambios sin previo aviso a discreci\u00f3n de Pangea.<\/p>\n<p><strong>Tarifa Mejorada<\/strong><br \/>\nPodr\u00edas ser elegible para recibir una Tasa Mejorada (m\u00e1s alta que la est\u00e1ndar) al enviar un monto espec\u00edfico a ciertos pa\u00edses. Disponible solo para env\u00edos en M\u00e9xico (m\u00e1s de $500 USD), Filipinas (m\u00e1s de $500 USD) y Guatemala (m\u00e1s de $300 USD).<\/p>\n<p><strong>Plazos, Anulaci\u00f3n y Sanciones<\/strong><br \/>\nEl abono de cualquier bonificaci\u00f3n solo se producir\u00e1 si se cumplen todos los T\u00e9rminos Promocionales, seg\u00fan determine Pangea a su entera discreci\u00f3n. Pangea se reserva el derecho de cancelar, suspender o modificar cualquier C\u00f3digo de Invitaci\u00f3n Personal, C\u00f3digo Promocional, Tipos de Cambio Promocional o URL Personal (o los T\u00e9rminos Promocionales correspondientes) en cualquier momento. Si incumples cualquiera de los t\u00e9rminos aplicables a los C\u00f3digos de Invitaci\u00f3n Personal, C\u00f3digos Promocionales, URL Personales, Promoci\u00f3n de Cambio de Divisas, o bonificaciones, Pangea podr\u00e1 retirar los abonos al titular de la cuenta, y\/o cancelar un C\u00f3digo de Invitaci\u00f3n Personal, C\u00f3digo Promocional, URL Personal, o bonificaci\u00f3n, y\/o suspender tu cuenta sin previo aviso.<\/p>\n<\/div><\/div><\/div><\/div><\/div>\n","protected":false},"excerpt":{"rendered":"","protected":false},"author":1,"featured_media":0,"parent":0,"menu_order":0,"comment_status":"closed","ping_status":"closed","template":"","meta":{"_acf_changed":false,"inline_featured_image":false,"footnotes":""},"class_list":["post-23909","page","type-page","status-publish","hentry"],"acf":[],"_links":{"self":[{"href":"https:\/\/pangeamoneytransfer.com\/es\/wp-json\/wp\/v2\/pages\/23909","targetHints":{"allow":["GET"]}}],"collection":[{"href":"https:\/\/pangeamoneytransfer.com\/es\/wp-json\/wp\/v2\/pages"}],"about":[{"href":"https:\/\/pangeamoneytransfer.com\/es\/wp-json\/wp\/v2\/types\/page"}],"author":[{"embeddable":true,"href":"https:\/\/pangeamoneytransfer.com\/es\/wp-json\/wp\/v2\/users\/1"}],"replies":[{"embeddable":true,"href":"https:\/\/pangeamoneytransfer.com\/es\/wp-json\/wp\/v2\/comments?post=23909"}],"version-history":[{"count":8,"href":"https:\/\/pangeamoneytransfer.com\/es\/wp-json\/wp\/v2\/pages\/23909\/revisions"}],"predecessor-version":[{"id":36354,"href":"https:\/\/pangeamoneytransfer.com\/es\/wp-json\/wp\/v2\/pages\/23909\/revisions\/36354"}],"wp:attachment":[{"href":"https:\/\/pangeamoneytransfer.com\/es\/wp-json\/wp\/v2\/media?parent=23909"}],"curies":[{"name":"wp","href":"https:\/\/api.w.org\/{rel}","templated":true}]}}