{"id":23754,"date":"2021-04-06T20:38:21","date_gmt":"2021-04-06T20:38:21","guid":{"rendered":"https:\/\/pangeamoneytransfer.com\/?page_id=23754"},"modified":"2025-04-02T17:18:54","modified_gmt":"2025-04-02T17:18:54","slug":"auto-transferterms","status":"publish","type":"page","link":"https:\/\/pangeamoneytransfer.com\/es\/auto-transferterms\/","title":{"rendered":"Env\u00edos Autom\u00e1ticos"},"content":{"rendered":"<div class=\"fusion-fullwidth fullwidth-box fusion-builder-row-1 fusion-flex-container nonhundred-percent-fullwidth non-hundred-percent-height-scrolling\" style=\"--awb-border-radius-top-left:0px;--awb-border-radius-top-right:0px;--awb-border-radius-bottom-right:0px;--awb-border-radius-bottom-left:0px;--awb-flex-wrap:wrap;\" ><div class=\"fusion-builder-row fusion-row fusion-flex-align-items-flex-start fusion-flex-content-wrap\" style=\"max-width:1300px;margin-left: calc(-4% \/ 2 );margin-right: calc(-4% \/ 2 );\"><div class=\"fusion-layout-column fusion_builder_column fusion-builder-column-0 fusion_builder_column_1_1 1_1 fusion-flex-column\" style=\"--awb-bg-size:cover;--awb-width-large:100%;--awb-margin-top-large:0px;--awb-spacing-right-large:1.92%;--awb-margin-bottom-large:0px;--awb-spacing-left-large:1.92%;--awb-width-medium:100%;--awb-spacing-right-medium:1.92%;--awb-spacing-left-medium:1.92%;--awb-width-small:100%;--awb-spacing-right-small:1.92%;--awb-spacing-left-small:1.92%;\"><div class=\"fusion-column-wrapper fusion-flex-justify-content-flex-start fusion-content-layout-column\"><div class=\"fusion-text fusion-text-1\"><h2>T\u00e9rminos y Condiciones de los Env\u00edos Autom\u00e1ticos<\/h2>\n<p>Diciembre 2018<\/p>\n<ol>\n<li>El programa. Al inscribirte al programa de Env\u00edos Autom\u00e1ticos de Pangea (el \u201cPrograma\u201d), autorizas que Pangea realice cargos autom\u00e1ticamente a la cuenta bancaria o la tarjeta de d\u00e9bito que t\u00fa hayas designado (colectivamente, los \u201cM\u00e9todos Designados de Pago\u201d) de acuerdo con las preferencias que hayas seleccionado en cuanto a los intervalos y la cantidad de env\u00edos peri\u00f3dicos (el \u201cPrograma de Env\u00edos\u201d). Tambi\u00e9n autorizas a que tu banco o la instituci\u00f3n que emiti\u00f3 la tarjeta honre los cargos por los M\u00e9todos Designados de Pago, de acuerdo con los t\u00e9rminos del Programa de Env\u00edos.<\/li>\n<li>Declaraciones y Estimaciones.\u00a0Al inscribirte en el Programa, reconoces haber recibido y revisado los t\u00e9rminos del Programa de Env\u00edos, el cual puede haber incluido estimaciones relacionadas con el tipo de cambio de moneda extranjera, diversas tarifas e impuestos y\/o la cantidad de dinero en moneda extranjera que recibir\u00e1 el beneficiario (colectivamente, las \u201cEstimaciones\u201d). Reconoces que las Estimaciones pueden diferir de las cantidades reales que Pangea cobra y que le env\u00eda al beneficiario en la fecha del env\u00edo programado, y autorizas a que Pangea realice el cobro a trav\u00e9s de tus M\u00e9todos Designados de Pago de acuerdo con el Programa de Env\u00edos a pesar de esta diferencia.<\/li>\n<li>Programaci\u00f3n de Env\u00edos, Cambios, y Cancelaci\u00f3n.. Reconoces haber recibido la Programaci\u00f3n de Env\u00edos, la cual se puede revisar en cualquier momento seleccionando \u201cEnv\u00edos Autom\u00e1ticos\u201d en el men\u00fa principal de la aplicaci\u00f3n web o m\u00f3vil de Pangea. Puedes eliminar los env\u00edos programados de esta pantalla en cualquier momento antes del pr\u00f3ximo env\u00edo programado. Tus env\u00edos programados continuar\u00e1n ocurriendo y seguir\u00e1s recibiendo los cobros hasta que elimines el programa.<\/li>\n<li>C\u00f3digos Promocionales (Promo Codes) y Bonos de Referencia.\u00a0Los promo codes reutilizables se aplican solo en el primer env\u00edo autom\u00e1tico. Los promo codes no se aplicar\u00e1n a ninguno de los env\u00edos autom\u00e1ticos consecutivos. Los bonos de referencia no se aplicar\u00e1n a los env\u00edos autom\u00e1ticos programados.<\/li>\n<\/ol>\n<\/div><\/div><\/div><\/div><\/div>\n","protected":false},"excerpt":{"rendered":"","protected":false},"author":1,"featured_media":0,"parent":0,"menu_order":0,"comment_status":"closed","ping_status":"closed","template":"user-agreements.php","meta":{"_acf_changed":false,"inline_featured_image":false,"footnotes":""},"class_list":["post-23754","page","type-page","status-publish","hentry"],"acf":[],"_links":{"self":[{"href":"https:\/\/pangeamoneytransfer.com\/es\/wp-json\/wp\/v2\/pages\/23754","targetHints":{"allow":["GET"]}}],"collection":[{"href":"https:\/\/pangeamoneytransfer.com\/es\/wp-json\/wp\/v2\/pages"}],"about":[{"href":"https:\/\/pangeamoneytransfer.com\/es\/wp-json\/wp\/v2\/types\/page"}],"author":[{"embeddable":true,"href":"https:\/\/pangeamoneytransfer.com\/es\/wp-json\/wp\/v2\/users\/1"}],"replies":[{"embeddable":true,"href":"https:\/\/pangeamoneytransfer.com\/es\/wp-json\/wp\/v2\/comments?post=23754"}],"version-history":[{"count":3,"href":"https:\/\/pangeamoneytransfer.com\/es\/wp-json\/wp\/v2\/pages\/23754\/revisions"}],"predecessor-version":[{"id":35447,"href":"https:\/\/pangeamoneytransfer.com\/es\/wp-json\/wp\/v2\/pages\/23754\/revisions\/35447"}],"wp:attachment":[{"href":"https:\/\/pangeamoneytransfer.com\/es\/wp-json\/wp\/v2\/media?parent=23754"}],"curies":[{"name":"wp","href":"https:\/\/api.w.org\/{rel}","templated":true}]}}