{"id":22922,"date":"2021-03-06T17:01:06","date_gmt":"2021-03-06T17:01:06","guid":{"rendered":"https:\/\/pangeamoneytransfer.com\/?page_id=22922"},"modified":"2022-04-27T19:52:29","modified_gmt":"2022-04-27T19:52:29","slug":"error-cancellation-rights","status":"publish","type":"page","link":"https:\/\/pangeamoneytransfer.com\/es\/error-cancellation-rights\/","title":{"rendered":"Error\/Cancellation Rights"},"content":{"rendered":"<h2 class=\"desktop\">Derechos de error y cancelaci\u00f3n<\/h2>\n<p>\u00daltima modificaci\u00f3n: October 21, 2020<\/p>\n<p><strong>Para la Resoluci\u00f3n de Errores<\/strong><\/p>\n<p>Tienes el derecho a disputar errores en tu transacci\u00f3n. Si crees que hay un error, por favor cont\u00e1ctanos dentro de los siguientes 180 d\u00edas al 1 (866) 858-9928. Tambi\u00e9n podr\u00e1s solicitar una explicaci\u00f3n de tus derechos por escrito.<\/p>\n<p><strong>Cancelaci\u00f3n<\/strong><\/p>\n<p>Cash Pickup:\u00a0Si cancelas esta transacci\u00f3n podr\u00e1s obtener un reembolso completo, siempre y cuando los fondos no hayan sido ya recogidos. Los reembolsos de transferencias canceladas antes de 30 minutos de haber realizado el env\u00edo ser\u00e1n procesados en 3 d\u00edas h\u00e1biles. Rembolsos de transferencias canceladas despu\u00e9s de 30 minutos ser\u00e1n procesados dentro de 10 d\u00edas.<\/p>\n<p>Bank \/ Debit Card Deposit:\u00a0Si cancelas esta transacci\u00f3n podr\u00e1s obtener un reembolso completo, siempre y cuando los fondos no hayan sido ya depositados en la cuenta del beneficiario. Los reembolsos de transferencias canceladas antes de 30 minutos de haber realizado el env\u00edo ser\u00e1n procesados en 3 d\u00edas h\u00e1biles. Rembolsos de transferencias canceladas despu\u00e9s de 30 minutos ser\u00e1n procesados dentro de 10 d\u00edas.<\/p>\n<p>Bill Pay:\u00a0Puedes cancelar por un reembolso completo al menos que el pago haya sido recibido por el proveedor. Los reembolsos de transferencias canceladas antes de 30 minutos de haber realizado el env\u00edo ser\u00e1n procesados en 3 d\u00edas h\u00e1biles. Rembolsos de transferencias canceladas despu\u00e9s de 30 minutos ser\u00e1n procesados dentro de 10 d\u00edas.<\/p>\n<p><strong>Derecho a un Reembolso de California<\/strong><\/p>\n<p>T\u00fa, el cliente, tienes derecho a un reembolso del dinero a enviar como resultado de este acuerdo si Pangea USA, LLC no env\u00eda el dinero recibido por parte tuya en un plazo de 10 d\u00edas desde la fecha de su recepci\u00f3n del dinero, o no da una orden de dinero equivalente a la persona designada por ti dentro de 10 d\u00edas de la fecha de la recepci\u00f3n de tu dinero, a menos que t\u00fa hayas indicado lo contrario.<\/p>\n<p>Si tus instrucciones en cuanto a cu\u00e1ndo se debe transferir el dinero no se cumplen, y el dinero a\u00fan no ha sido transferido, t\u00fa tienes derecho a un reembolso.<\/p>\n<p>Si quieres un reembolso, debes enviar un correo o entregar tu solicitud por escrito a Pangea USA, LLC P.O. Box 3740, Chicago, IL 60602. Si no recibes tu reembolso, puedes tener derecho a (i) la devoluci\u00f3n de tu dinero, (ii) una multa adicional de hasta $1,000 (pagada por Pangea) y (iii) los honorarios de abogados en virtud de la secci\u00f3n 2102 del C\u00f3digo Financiero de California.<\/p>\n<p><strong>Las Transacciones Fraudulentas<\/strong><\/p>\n<p>Seg\u00fan la ley de Washington, las transacciones fraudulentas pueden resultar en la p\u00e9rdida de fondos del consumidor sin ning\u00fan tipo de reclamo.<\/p>\n<p>\u00a9 Pangea Universal Holdings, Inc. 2021<br \/>\n\u00a9 Pangea USA, LLC 2021<br \/>\n\u00a9 Pangea Latin America, S.A. de C.V. 2021<\/p>\n","protected":false},"excerpt":{"rendered":"<p>Derechos de error y cancelaci\u00f3n \u00daltima modificaci\u00f3n: October 21, 2020 [&hellip;]<\/p>\n","protected":false},"author":1,"featured_media":0,"parent":0,"menu_order":0,"comment_status":"closed","ping_status":"closed","template":"user-agreements.php","meta":{"_acf_changed":false,"inline_featured_image":false,"footnotes":""},"class_list":["post-22922","page","type-page","status-publish","hentry"],"acf":[],"_links":{"self":[{"href":"https:\/\/pangeamoneytransfer.com\/es\/wp-json\/wp\/v2\/pages\/22922","targetHints":{"allow":["GET"]}}],"collection":[{"href":"https:\/\/pangeamoneytransfer.com\/es\/wp-json\/wp\/v2\/pages"}],"about":[{"href":"https:\/\/pangeamoneytransfer.com\/es\/wp-json\/wp\/v2\/types\/page"}],"author":[{"embeddable":true,"href":"https:\/\/pangeamoneytransfer.com\/es\/wp-json\/wp\/v2\/users\/1"}],"replies":[{"embeddable":true,"href":"https:\/\/pangeamoneytransfer.com\/es\/wp-json\/wp\/v2\/comments?post=22922"}],"version-history":[{"count":2,"href":"https:\/\/pangeamoneytransfer.com\/es\/wp-json\/wp\/v2\/pages\/22922\/revisions"}],"predecessor-version":[{"id":26465,"href":"https:\/\/pangeamoneytransfer.com\/es\/wp-json\/wp\/v2\/pages\/22922\/revisions\/26465"}],"wp:attachment":[{"href":"https:\/\/pangeamoneytransfer.com\/es\/wp-json\/wp\/v2\/media?parent=22922"}],"curies":[{"name":"wp","href":"https:\/\/api.w.org\/{rel}","templated":true}]}}