{"id":22845,"date":"2021-03-04T21:16:10","date_gmt":"2021-03-04T21:16:10","guid":{"rendered":"https:\/\/pangeamoneytransfer.com\/?page_id=22845"},"modified":"2021-04-12T14:48:42","modified_gmt":"2021-04-12T14:48:42","slug":"mis-datos","status":"publish","type":"page","link":"https:\/\/pangeamoneytransfer.com\/es\/mis-datos\/","title":{"rendered":"No Vendas Mi Informaci\u00f3n Personal"},"content":{"rendered":"<div class=\"fusion-fullwidth fullwidth-box fusion-builder-row-1 fusion-flex-container nonhundred-percent-fullwidth non-hundred-percent-height-scrolling\" style=\"--awb-border-radius-top-left:0px;--awb-border-radius-top-right:0px;--awb-border-radius-bottom-right:0px;--awb-border-radius-bottom-left:0px;--awb-flex-wrap:wrap;\" ><div class=\"fusion-builder-row fusion-row fusion-flex-align-items-flex-start fusion-flex-content-wrap\" style=\"max-width:1300px;margin-left: calc(-4% \/ 2 );margin-right: calc(-4% \/ 2 );\"><div class=\"fusion-layout-column fusion_builder_column fusion-builder-column-0 fusion_builder_column_1_1 1_1 fusion-flex-column\" style=\"--awb-bg-size:cover;--awb-width-large:100%;--awb-margin-top-large:0px;--awb-spacing-right-large:1.92%;--awb-margin-bottom-large:0px;--awb-spacing-left-large:1.92%;--awb-width-medium:100%;--awb-spacing-right-medium:1.92%;--awb-spacing-left-medium:1.92%;--awb-width-small:100%;--awb-spacing-right-small:1.92%;--awb-spacing-left-small:1.92%;\"><div class=\"fusion-column-wrapper fusion-flex-justify-content-flex-start fusion-content-layout-column\"><div class=\"fusion-text fusion-text-1\"><h2>\u00bfPor qu\u00e9 Pangea proporciona el enlace \u201cNo vender\u201d?<\/h2>\n<p>Pangea proporciona el enlace \u201cNo vender\u201d para cumplir con la Ley de Privacidad del Consumidor de California (CCPA), secci\u00f3n 1798.100 del C\u00f3digo Civil de California et seq., en vigencia desde el 1 de enero de 2020. La CCPA es una nueva ley de protecci\u00f3n de datos que le ofrece a los residentes de California ciertas opciones acerca de sus datos, incluso la posibilidad de decirle a las empresas que no \u201cvendan\u201d su informaci\u00f3n personal. Ese enlace est\u00e1 all\u00ed para informarte acerca de esa opci\u00f3n. Visita nuestra Pol\u00edtica de Privacidad para m\u00e1s informaci\u00f3n.<\/p>\n<h2>\u00bfQu\u00e9 significa \u201cVender\u201d \u201cInformaci\u00f3n personal\u201d seg\u00fan la CCPA?<\/h2>\n<p>La CCPA ampl\u00eda el significado de \u201cventa\u201d e \u201cinformaci\u00f3n personal\u201d m\u00e1s all\u00e1 de c\u00f3mo podr\u00eda interpretar esos t\u00e9rminos.<\/p>\n<p>Seg\u00fan la CCPA, \u201cinformaci\u00f3n personal\u201d incluye informaci\u00f3n que no siempre est\u00e1 directamente relacionada con la identidad de un individuo pero puede estar relacionada con un aparato. Esto incluye identificadores como direcciones IP, cookies de Internet, contadores de visitantes e ID de anuncios m\u00f3viles. En muchos casos, este tipo de informaci\u00f3n no est\u00e1 asociada contigo, pero hay identificadores \u00fanicos que podr\u00edan estarlo. De manera similar, el t\u00e9rmino \u201cvender\u201d est\u00e1 definido para incluir no s\u00f3lo vender a cambio de dinero, sino tambi\u00e9n compartir o transferir informaci\u00f3n personal (incluida informaci\u00f3n que no identifica directamente a un individuo como se describi\u00f3 anteriormente) a cambio de cualquier cosa de valor, que no se limita al intercambio de dinero. Ciertas cosas no se consideran \u201cventas\u201d, incluso cuando (1) se comparte informaci\u00f3n personal con un proveedor de servicios que tiene prohibido por contrato utilizar la informaci\u00f3n personal para ning\u00fan fin m\u00e1s all\u00e1 del servicio que se pide espec\u00edficamente (\u201cexcepci\u00f3n de proveedor de servicios\u201d, o (2) cuando el consumidor ha dado instrucciones a una empresa para que divulgue la informaci\u00f3n personal (\u201cexcepci\u00f3n dirigida por el consumidor\u201d).<\/p>\n<h2>\u00bf\u201dVende\u201d Pangea mi informaci\u00f3n personal?<\/h2>\n<p>Pangea no vende informaci\u00f3n que lo identifica personalmente, como su nombre, direcci\u00f3n, n\u00famero de Seguro Social. De hecho, ni siquiera compartimos ese tipo de informaci\u00f3n excepto con proveedores de servicio que pueden utilizar la informaci\u00f3n \u00fanicamente para brindar un servicio en nuestro nombre, cuando un consumidor nos pide que compartamos la informaci\u00f3n o en las circunstancias adicionales limitadas descritas en nuestra Pol\u00edtica de privacidad (como para fines de prevenci\u00f3n de fraude o donde estamos obligados legalmente a compartir la informaci\u00f3n).<\/p>\n<p>Sin embargo, las amplias definiciones de la CCPA sobre \u201cventa\u201d e \u201cinformaci\u00f3n personal\u201d pueden considerar el flujo com\u00fan de informaci\u00f3n en el ecosistema de an\u00e1lisis y publicidad digital como una venta. Como muchas empresas que operan sitios web y aplicaciones comerciales, Pangea utiliza anal\u00edticas por Internet para medir las formas en que los usuarios interact\u00faan con nuestros sitios web y aplicaciones. Estas anal\u00edticas, a su vez, informan c\u00f3mo realizamos publicidad por Internet. Para proporcionar estas anal\u00edticas y facilitar la publicidad por Internet, Pangea utiliza terceros que recopilan identificadores y marcadores de aparatos, cookies, contadores y mecanismos de rastreo similares en nuestros sitios web\/aplicaciones y en sitios web\/aplicaciones de terceros. Por ejemplo, podr\u00edamos pedirle a un tercero que facilite la ubicaci\u00f3n de un anuncio de Pangea en un sitio web particular luego de que un consumidor ya haya visitado Pangea.com. Los terceros que utilizamos para estos fines por lo general colocan una cookie en el navegador de un usuario para que identifique que el mismo navegador ha visitado otros sitios web. De manera similar, donde nuestras p\u00e1ginas web o aplicaciones proporcionan espacio para anuncios, estos terceros pueden usar identificadores \u2014como cookies para sitios web, o ID de anuncios m\u00f3viles del aparato para aplicaciones\u2014 para facilitar las ofertas en tiempo real por parte de los anunciantes<\/p>\n<p>Actualmente cuando compartimos datos con algunos de estos terceros se clasifica como una \u201cventa\u201d bajo la CCPA. Para optar por no participar, visita el enlace de WebChoices a continuaci\u00f3n y elije \u201copt-out\u201d en el seguimiento de Google y Facebook.<\/p>\n<p>NOTA:<\/p>\n<ul>\n<li>Las opciones de exclusi\u00f3n que se indican a continuaci\u00f3n se basan en el dispositivo y el navegador. Debes hacer \u201copt-out\u201d en cada dispositivo y en cada navegador donde quieras que se aplique tu elecci\u00f3n.<\/li>\n<li>Los opt-outs pueden ser almacenados a trav\u00e9s de cookies. Si borras las cookies, tu opci\u00f3n de exclusi\u00f3n ya no ser\u00e1 v\u00e1lida y deber\u00e1s volver a optar por ella donde quieras que se apliquen tus opciones.<\/li>\n<\/ul>\n<\/div><div style=\"text-align:center;\"><a class=\"fusion-button button-flat button-large button-custom fusion-button-default button-1 fusion-button-default-span fusion-button-default-type\" style=\"--button_accent_color:#ffffff;--button_accent_hover_color:#ffffff;--button_border_hover_color:#ffffff;--button_gradient_top_color:#00abc7;--button_gradient_bottom_color:#00abc7;--button_gradient_top_color_hover:#00abc7;--button_gradient_bottom_color_hover:#00abc7;--button_margin-bottom:2%;\" target=\"_self\" href=\"https:\/\/optout.aboutads.info\/?c=2&amp;lang=Es\"><span class=\"fusion-button-text\">Opt-out para navegador<\/span><\/a><\/div><div style=\"text-align:center;\"><a class=\"fusion-button button-flat button-large button-custom fusion-button-default button-2 fusion-button-default-span fusion-button-default-type\" style=\"--button_accent_color:#ffffff;--button_accent_hover_color:#ffffff;--button_border_hover_color:#ffffff;--button_gradient_top_color:#00abc7;--button_gradient_bottom_color:#00abc7;--button_gradient_top_color_hover:#00abc7;--button_gradient_bottom_color_hover:#00abc7;\" target=\"_self\" href=\"https:\/\/youradchoices.com\/appchoices\"><span class=\"fusion-button-text\">Opt-out para aplicaciones<\/span><\/a><\/div><\/div><\/div><\/div><\/div>\n","protected":false},"excerpt":{"rendered":"","protected":false},"author":1,"featured_media":0,"parent":0,"menu_order":0,"comment_status":"closed","ping_status":"closed","template":"","meta":{"_acf_changed":false,"inline_featured_image":false,"footnotes":""},"class_list":["post-22845","page","type-page","status-publish","hentry"],"acf":[],"_links":{"self":[{"href":"https:\/\/pangeamoneytransfer.com\/es\/wp-json\/wp\/v2\/pages\/22845","targetHints":{"allow":["GET"]}}],"collection":[{"href":"https:\/\/pangeamoneytransfer.com\/es\/wp-json\/wp\/v2\/pages"}],"about":[{"href":"https:\/\/pangeamoneytransfer.com\/es\/wp-json\/wp\/v2\/types\/page"}],"author":[{"embeddable":true,"href":"https:\/\/pangeamoneytransfer.com\/es\/wp-json\/wp\/v2\/users\/1"}],"replies":[{"embeddable":true,"href":"https:\/\/pangeamoneytransfer.com\/es\/wp-json\/wp\/v2\/comments?post=22845"}],"version-history":[{"count":2,"href":"https:\/\/pangeamoneytransfer.com\/es\/wp-json\/wp\/v2\/pages\/22845\/revisions"}],"predecessor-version":[{"id":24113,"href":"https:\/\/pangeamoneytransfer.com\/es\/wp-json\/wp\/v2\/pages\/22845\/revisions\/24113"}],"wp:attachment":[{"href":"https:\/\/pangeamoneytransfer.com\/es\/wp-json\/wp\/v2\/media?parent=22845"}],"curies":[{"name":"wp","href":"https:\/\/api.w.org\/{rel}","templated":true}]}}