{"id":22650,"date":"2021-03-02T17:12:50","date_gmt":"2021-03-02T17:12:50","guid":{"rendered":"https:\/\/pangeamoneytransfer.com\/?page_id=22650"},"modified":"2025-11-28T20:29:08","modified_gmt":"2025-11-28T20:29:08","slug":"electronic-communications","status":"publish","type":"page","link":"https:\/\/pangeamoneytransfer.com\/es\/electronic-communications\/","title":{"rendered":"Electronic Communications"},"content":{"rendered":"<div class=\"fusion-fullwidth fullwidth-box fusion-builder-row-1 fusion-flex-container nonhundred-percent-fullwidth non-hundred-percent-height-scrolling\" style=\"--awb-border-radius-top-left:0px;--awb-border-radius-top-right:0px;--awb-border-radius-bottom-right:0px;--awb-border-radius-bottom-left:0px;--awb-flex-wrap:wrap;\" ><div class=\"fusion-builder-row fusion-row fusion-flex-align-items-flex-start fusion-flex-content-wrap\" style=\"max-width:1300px;margin-left: calc(-4% \/ 2 );margin-right: calc(-4% \/ 2 );\"><div class=\"fusion-layout-column fusion_builder_column fusion-builder-column-0 fusion_builder_column_1_1 1_1 fusion-flex-column\" style=\"--awb-bg-size:cover;--awb-width-large:100%;--awb-margin-top-large:0px;--awb-spacing-right-large:1.92%;--awb-margin-bottom-large:0px;--awb-spacing-left-large:1.92%;--awb-width-medium:100%;--awb-spacing-right-medium:1.92%;--awb-spacing-left-medium:1.92%;--awb-width-small:100%;--awb-spacing-right-small:1.92%;--awb-spacing-left-small:1.92%;\"><div class=\"fusion-column-wrapper fusion-flex-justify-content-flex-start fusion-content-layout-column\"><div class=\"fusion-text fusion-text-1\"><h2>Consentimiento a Comunicaciones Electr\u00f3nicas<\/h2>\n<p>\u00daltima modificaci\u00f3n: 28 de noviembre de 2025<\/p>\n<p>Este Consentimiento a Comunicaciones Electr\u00f3nicas (el \u201cConsentimiento\u201d) contiene informaci\u00f3n importante sobre tus derechos legales. Por favor, l\u00e9elo e imprime o guarda una copia. Como se ha usado en este Consentimiento, \u201cCuenta\u201d significa todas las cuentas, productos o servicios que tienes con nosotros. Las palabras \u201cnosotros\u201d, \u201cnos\u201d, \u201cnuestro\u201d y \u201cPangea\u201d se refieren a Pangea Universal Holdings, Inc. (\u201cPUH\u201d), Pangea USA, LLC (\u201cPUSA\u201d) y cualquiera de nuestros subsidiarios o afiliados, y las palabras \u201cyo\u201d, \u201ct\u00fa\u201d, \u201ctuyo\u201d se refieren a cada titular de Cuenta con nosotros. Esta divulgaci\u00f3n abarca todas tus Cuentas con nosotros.<\/p>\n<p>1. Comunicaciones y divulgaciones legalmente requeridas. Debemos proporcionarte ciertas comunicaciones y divulgaciones por escrito (esto quiere decir que tienes derecho a recibir estas comunicaciones en papel) de acuerdo con las leyes y regulaciones que apliquen. Esta informaci\u00f3n puede ser otorgada electr\u00f3nicamente si est\u00e1s de acuerdo con este Consentimiento. Debido a que todas nuestras Cuentas se proporcionan en l\u00ednea o a trav\u00e9s de una aplicaci\u00f3n m\u00f3vil y utiliza medios electr\u00f3nicos para entregar informaci\u00f3n, debes aceptar este Consentimiento para obtener y usar una Cuenta. Si no aceptas este Consentimiento, no podremos otorgarte una Cuenta o acceso a los Servicios, y si aceptas el Consentimiento pero luego lo revocas, tendremos que cerrar tu Cuenta.<\/p>\n<p>2. Consentimiento requerido; Categor\u00edas de comunicaciones. Al aceptar este Consentimiento, aceptas que te otorguemos todas las Comunicaciones descritas anteriormente de manera electr\u00f3nica. Esto significa que podemos entregarte estas Comunicaciones electr\u00f3nicamente en nuestra p\u00e1gina web cuando accedes a tu Cuenta, al entregar la Comunicaci\u00f3n a trav\u00e9s de nuestra aplicaci\u00f3n m\u00f3vil, por mensaje de texto, mensaje instant\u00e1neo a trav\u00e9s de una aplicaci\u00f3n de mensajer\u00eda de terceros o correo electr\u00f3nico. Las \u00abComunicaciones\u00bb que te entregaremos de manera electr\u00f3nica incluyen acuerdos, divulgaciones, notificaciones y otra informaci\u00f3n y comunicaciones relacionadas con tus Cuentas, el uso de nuestras p\u00e1ginas web, nuestra relaci\u00f3n contigo, y otros productos, servicios o programas que puedan estar disponibles para ti. Estas comunicaciones incluyen, pero no est\u00e1 limitado a:<\/p>\n<p>a. Este Consentimiento y todas las actualizaciones a este Consentimiento;<br \/>\nb. Divulgaciones, acuerdos, aviso, estados de cuenta y otra informaci\u00f3n relacionada con la apertura, inicio, operaci\u00f3n o mantenimiento de tu Cuenta. Esto incluye, pero no est\u00e1 limitado a, contratos de cuentas, informaci\u00f3n de cuentas, actividad de cuentas, anexos de tarifas u otras divulgaciones, avisos o informaci\u00f3n que pueden ser requeridas por la Electronic Funds Transfer Act, la Equal Credit Opportunity Act, la Fair Credit Reporting Act, la Telephone Consumer Protection Act, las normas de privacidad del consumidor y otras leyes federales y estatales aplicables;<br \/>\nc. Cualquier notificaci\u00f3n de la adici\u00f3n de los nuevos t\u00e9rminos y condiciones o la modificaci\u00f3n de los t\u00e9rminos existentes y condiciones aplicables a las Cuentas.<br \/>\nd. Nuestra Pol\u00edtica de Privacidad y otros avisos; y cierta informaci\u00f3n o formularios que te solicitamos y te pedimos que los subas electr\u00f3nicamente.<\/p>\n<p>Nos reservamos el derecho, pero no asumimos ninguna obligaci\u00f3n, para entregarte una copia en papel de cualquier comunicaci\u00f3n que nos has autorizado a entregarte electr\u00f3nicamente. Todas las Comunicaciones enviadas en formato electr\u00f3nico o de papel ser\u00e1n consideradas \u00abpor escrito\u00bb por prop\u00f3sitos legales.<\/p>\n<p>3. C\u00f3mo revocar el Consentimiento; efecto de la revocaci\u00f3n. Puedes revocar este Consentimiento en cualquier momento llam\u00e1ndonos al <a href=\"tel:8663952938\">(866) 395-2938<\/a>. Si revocas este Consentimiento para recibir mensajes de texto (SMS) informativos: (i) suspenderemos o terminaremos inmediatamente cualquier Cuenta que tengas con nosotros; (ii) t\u00fa continuar\u00e1s siendo el responsable por cada cantidad que pueda adeudarse en virtud de cualquiera de dichas Cuentas; y (iii) cualquier otra obligaci\u00f3n que tengas bajo cualquier contrato que gobierne dichas Cuentas permanecer\u00e1n en pleno vigor y efecto. La revocaci\u00f3n no afectar\u00e1 ninguna de las Comunicaciones que te hemos otorgado antes de la revocaci\u00f3n, y te enviaremos cualquier otra Comunicaci\u00f3n requerida en formato impreso. No aplicaremos ning\u00fan cargo en relaci\u00f3n con la revocaci\u00f3n de este Consentimiento o cualquier Comunicaci\u00f3n proporcionada en papel. Cualquier revocaci\u00f3n de este Consentimiento ser\u00e1 efectivo solo despu\u00e9s de que tengamos un periodo de tiempo razonable para procesar tu solicitud de revocaci\u00f3n. Ten en cuenta que optar por no recibir mensajes de parte de nosotros a trav\u00e9s de mensajer\u00eda instant\u00e1nea de terceros no revoca este Consentimiento, pero registra tu solicitud para no recibir comunicaciones de parte de nosotros v\u00eda la aplicaci\u00f3n de mensajer\u00eda instant\u00e1nea de terceros.<\/p>\n<p>4. Retenci\u00f3n de Comunicaciones Electr\u00f3nicas. Deber\u00edas imprimir o hacer una copia de cualquier Comunicaci\u00f3n que recibas por correo electr\u00f3nico, usando el bot\u00f3n \u00abimprimir\u00bb para obtener una copia, o guardando una copia al descargarlo en tu computador o tel\u00e9fono.<\/p>\n<p>5. Obtener copias en papel de Comunicaciones. A solicitud, te daremos una copia de papel de cualquier Comunicaci\u00f3n que te hayamos enviado de manera electr\u00f3nica. Si quieres una copia impresa de cualquier Comunicaci\u00f3n, por favor haz la solicitud a <a href=\"mailto:help@gopangea.com\">help@gopangea.com<\/a>. No habr\u00e1 cargos por una copia impresa de cualquier Comunicaci\u00f3n que te hayamos enviado de manera electr\u00f3nica.<\/p>\n<p>6. Requisitos de Hardware y Software. Para recibir y ver de manera electr\u00f3nica y\/o guardar de manera electr\u00f3nica o imprimir Comunicaciones, debes tener:<\/p>\n<p>a. Un computador personal con acceso a internet<br \/>\nb. Un navegador web de uso generalizado y de generaci\u00f3n reciente (por ejemplo, Internet Explorer, Safari o Firefox);<br \/>\nc. un lector de archivos de documentos port\u00e1til de uso generalizado y de generaci\u00f3n reciente (por ejemplo, Adobe Reader);<br \/>\nd. Una direcci\u00f3n de correo electr\u00f3nico<br \/>\ne. Una impresora, disco duro o dispositivo de almacenamiento; y<br \/>\nf. un sistema operativo de dispositivo reciente y un plan de servicio que admita mensajes de texto.<br \/>\ng. Una cuenta de mensajes instant\u00e1neos de terceros asociado con el n\u00famero de tel\u00e9fono que nos proporcionas.<\/p>\n<p>Al otorgar este Consentimiento, est\u00e1s representando que tienes el hardware, software, correo electr\u00f3nico, n\u00famero de tel\u00e9fono y capacidades de tel\u00e9fono m\u00f3vil descritas a continuaci\u00f3n, y tu habilidad de leer este Consentimiento demuestra que tienes el hardware y software necesario para recibir Comunicaciones de manera electr\u00f3nica.<\/p>\n<p>7. Actualizar tus registros. Debes notificarnos inmediatamente de cualquier cambio a tu cuenta de correo electr\u00f3nico, y cualquier otra informaci\u00f3n relacionada a este Consentimiento y tu(s) cuenta(s). Puedes actualizar esta informaci\u00f3n envi\u00e1ndonos un correo electr\u00f3nico a <a href=\"mailto:help@gopangea.com\">help@gopangea.com<\/a>. Representas y est\u00e1s de acuerdo que nos has dado tu cuenta de correo electr\u00f3nico actual a donde te podemos enviar Comunicaciones Electr\u00f3nicas.<\/p>\n<p>8. Ley federal. Reconoces y aceptas que este Consentimiento se otorga en relaci\u00f3n con una operaci\u00f3n que implica comercio interestatal y que est\u00e1 sujeto a la Ley Federal de Firmas Electr\u00f3nicas en el Comercio Global y Nacional (la \u201cLey E-SIGN\u201d), y que tanto t\u00fa como nosotros tenemos la intenci\u00f3n de que la Ley E-SIGN se aplique en la mayor medida posible para validar nuestra capacidad de realizar negocios contigo de manera electr\u00f3nica.<\/p>\n<p>9. Reserva de derechos. Este Consentimiento aplica a cualquier Comunicaci\u00f3n que determinemos, en nuestra entera discreci\u00f3n, que estemos requeridos a entregar de manera impresa bajo la ley aplicable o que est\u00e9s requerido a recibir de manera impresa en vez de electr\u00f3nica. Nos reservamos el derecho, en nuestra entera discreci\u00f3n, a interrumpir o suspender el env\u00edo de tus Comunicaciones Electr\u00f3nicas. Te notificaremos sobre esta terminaci\u00f3n o cambio como sea requerido por la ley.<\/p>\n<p>10. Consentimiento. Al registrarte para una Cuenta de Pangea o continuar el acceso a tu Cuenta de Pangea, aceptas (a) contratar de manera electr\u00f3nica con nosotros en conexi\u00f3n con este Consentimiento, (b) otorgar tu Consentimiento afirmativo para que te podamos dar Comunicaciones electr\u00f3nicas como est\u00e1 descrito anteriormente y (c) reconocer la recepci\u00f3n de las Comunicaciones Electr\u00f3nicas que se te hayan proporcionado en relaci\u00f3n con tu Cuenta y operaciones anteriores a la fecha de este Consentimiento.<\/p>\n<p>\u00a9 Pangea Universal Holdings, Inc. 2020<br \/>\n\u00a9 Pangea USA, LLC 2020<br \/>\n\u00a9 Pangea Latin America, SA de CV 2020<\/p>\n<\/div><\/div><\/div><\/div><\/div>\n","protected":false},"excerpt":{"rendered":"","protected":false},"author":1,"featured_media":0,"parent":0,"menu_order":0,"comment_status":"closed","ping_status":"closed","template":"user-agreements.php","meta":{"_acf_changed":false,"inline_featured_image":false,"footnotes":""},"class_list":["post-22650","page","type-page","status-publish","hentry"],"acf":[],"_links":{"self":[{"href":"https:\/\/pangeamoneytransfer.com\/es\/wp-json\/wp\/v2\/pages\/22650","targetHints":{"allow":["GET"]}}],"collection":[{"href":"https:\/\/pangeamoneytransfer.com\/es\/wp-json\/wp\/v2\/pages"}],"about":[{"href":"https:\/\/pangeamoneytransfer.com\/es\/wp-json\/wp\/v2\/types\/page"}],"author":[{"embeddable":true,"href":"https:\/\/pangeamoneytransfer.com\/es\/wp-json\/wp\/v2\/users\/1"}],"replies":[{"embeddable":true,"href":"https:\/\/pangeamoneytransfer.com\/es\/wp-json\/wp\/v2\/comments?post=22650"}],"version-history":[{"count":3,"href":"https:\/\/pangeamoneytransfer.com\/es\/wp-json\/wp\/v2\/pages\/22650\/revisions"}],"predecessor-version":[{"id":36834,"href":"https:\/\/pangeamoneytransfer.com\/es\/wp-json\/wp\/v2\/pages\/22650\/revisions\/36834"}],"wp:attachment":[{"href":"https:\/\/pangeamoneytransfer.com\/es\/wp-json\/wp\/v2\/media?parent=22650"}],"curies":[{"name":"wp","href":"https:\/\/api.w.org\/{rel}","templated":true}]}}