{"id":22644,"date":"2021-03-02T17:07:12","date_gmt":"2021-03-02T17:07:12","guid":{"rendered":"https:\/\/pangeamoneytransfer.com\/?page_id=22644"},"modified":"2021-04-17T16:39:57","modified_gmt":"2021-04-17T16:39:57","slug":"remmesa-automatic-transfers","status":"publish","type":"page","link":"https:\/\/pangeamoneytransfer.com\/es\/remmesa-automatic-transfers\/","title":{"rendered":"Acuerdos de Usuario"},"content":{"rendered":"<h2>T\u00e9rminos y condiciones de los Env\u00edos Autom\u00e1ticos<\/h2>\n<p>\u00daltima modificaci\u00f3n: Mayo 2019<\/p>\n<ol>\n<li><em>El programa<\/em>. Al inscribirte al programa de Env\u00edos Autom\u00e1ticos de Pangea (el \u201cPrograma\u201d), autorizas que Pangea realice cargos autom\u00e1ticamente a la cuenta bancaria o la tarjeta de d\u00e9bito que t\u00fa hayas designado (colectivamente, los \u201cM\u00e9todos Designados de Pago\u201d) de acuerdo con las preferencias que hayas seleccionado en cuanto a los intervalos y la cantidad de env\u00edos peri\u00f3dicos (el \u201cPrograma de Env\u00edos\u201d). Tambi\u00e9n autorizas a que tu banco o la instituci\u00f3n que emiti\u00f3 la tarjeta honre los cargos por los M\u00e9todos Designados de Pago, de acuerdo con los t\u00e9rminos del Programa de Env\u00edos.<\/li>\n<li><em>Declaraciones y Estimaciones.<\/em>\u00a0Al inscribirte en el Programa, reconoces haber recibido y revisado los t\u00e9rminos del Programa de Env\u00edos, el cual puede haber incluido estimaciones relacionadas con el tipo de cambio de moneda extranjera, diversas tarifas e impuestos y\/o la cantidad de dinero en moneda extranjera que recibir\u00e1 el beneficiario (colectivamente, las \u201cEstimaciones\u201d). Reconoces que las Estimaciones pueden diferir de las cantidades reales que Pangea cobra y que le env\u00eda al beneficiario en la fecha del env\u00edo programado, y autorizas a que Pangea realice el cobro a trav\u00e9s de tus M\u00e9todos Designados de Pago de acuerdo con el Programa de Env\u00edos a pesar de esta diferencia.<\/li>\n<li><em>Programaci\u00f3n de Env\u00edos, Cambios, y Cancelaci\u00f3n.<\/em>. Reconoces haber recibido la Programaci\u00f3n de Env\u00edos, la cual se puede revisar en cualquier momento seleccionando \u201cEnv\u00edos Autom\u00e1ticos\u201d en el men\u00fa principal de la aplicaci\u00f3n web o m\u00f3vil de Pangea. Puedes eliminar los env\u00edos programados de esta pantalla en cualquier momento antes del pr\u00f3ximo env\u00edo programado. Tus env\u00edos programados continuar\u00e1n ocurriendo y seguir\u00e1s recibiendo los cobros hasta que el\u00a0env\u00edo\u00a0autom\u00e1tico sea eliminado.<\/li>\n<li><em>C\u00f3digos Promocionales (Promo Codes) y Bonos de Referencia.<\/em>\u00a0Los promo codes reutilizables se aplican solo en el primer env\u00edo autom\u00e1tico. Los promo codes no se aplicar\u00e1n a ninguno de los env\u00edos autom\u00e1ticos consecutivos. Los bonos de referencia no se aplicar\u00e1n a los env\u00edos autom\u00e1ticos programados.<\/li>\n<li><em>Descuentos en comisiones de env\u00edo<\/em>. Los descuentos de comisiones de env\u00edo para nuevos Env\u00edos Autom\u00e1ticos pueden estar disponibles hasta 30 d\u00edas despu\u00e9s de tu primer env\u00edo.\u00a0 El descuento de comisi\u00f3n de env\u00edo se bloquear\u00e1 y se aplicar\u00e1 a todos los env\u00edos autom\u00e1ticos asociados con ese Programa hasta que este sea eliminado. Los Programas de Env\u00edos creados m\u00e1s de 30 d\u00edas despu\u00e9s de tu primer env\u00edo no ser\u00e1n aptos para un descuento. Los descuentos de comisiones de env\u00edo para env\u00edos autom\u00e1ticos solo son aplicables a env\u00edos realizados con tarjetas de d\u00e9bito.<\/li>\n<\/ol>\n","protected":false},"excerpt":{"rendered":"<p>T\u00e9rminos y condiciones de los Env\u00edos Autom\u00e1ticos \u00daltima modificaci\u00f3n: Mayo [&hellip;]<\/p>\n","protected":false},"author":1,"featured_media":0,"parent":0,"menu_order":0,"comment_status":"closed","ping_status":"closed","template":"user-agreements.php","meta":{"_acf_changed":false,"inline_featured_image":false,"footnotes":""},"class_list":["post-22644","page","type-page","status-publish","hentry"],"acf":[],"_links":{"self":[{"href":"https:\/\/pangeamoneytransfer.com\/es\/wp-json\/wp\/v2\/pages\/22644","targetHints":{"allow":["GET"]}}],"collection":[{"href":"https:\/\/pangeamoneytransfer.com\/es\/wp-json\/wp\/v2\/pages"}],"about":[{"href":"https:\/\/pangeamoneytransfer.com\/es\/wp-json\/wp\/v2\/types\/page"}],"author":[{"embeddable":true,"href":"https:\/\/pangeamoneytransfer.com\/es\/wp-json\/wp\/v2\/users\/1"}],"replies":[{"embeddable":true,"href":"https:\/\/pangeamoneytransfer.com\/es\/wp-json\/wp\/v2\/comments?post=22644"}],"version-history":[{"count":3,"href":"https:\/\/pangeamoneytransfer.com\/es\/wp-json\/wp\/v2\/pages\/22644\/revisions"}],"predecessor-version":[{"id":24121,"href":"https:\/\/pangeamoneytransfer.com\/es\/wp-json\/wp\/v2\/pages\/22644\/revisions\/24121"}],"wp:attachment":[{"href":"https:\/\/pangeamoneytransfer.com\/es\/wp-json\/wp\/v2\/media?parent=22644"}],"curies":[{"name":"wp","href":"https:\/\/api.w.org\/{rel}","templated":true}]}}