{"id":22641,"date":"2021-03-02T17:05:37","date_gmt":"2021-03-02T17:05:37","guid":{"rendered":"https:\/\/pangeamoneytransfer.com\/?page_id=22641"},"modified":"2025-11-28T20:38:13","modified_gmt":"2025-11-28T20:38:13","slug":"sms-terms","status":"publish","type":"page","link":"https:\/\/pangeamoneytransfer.com\/es\/sms-terms\/","title":{"rendered":"T\u00e9rminos de SMS"},"content":{"rendered":"<div class=\"fusion-fullwidth fullwidth-box fusion-builder-row-1 fusion-flex-container nonhundred-percent-fullwidth non-hundred-percent-height-scrolling\" style=\"--awb-border-radius-top-left:0px;--awb-border-radius-top-right:0px;--awb-border-radius-bottom-right:0px;--awb-border-radius-bottom-left:0px;--awb-flex-wrap:wrap;\" ><div class=\"fusion-builder-row fusion-row fusion-flex-align-items-flex-start fusion-flex-content-wrap\" style=\"max-width:1300px;margin-left: calc(-4% \/ 2 );margin-right: calc(-4% \/ 2 );\"><div class=\"fusion-layout-column fusion_builder_column fusion-builder-column-0 fusion_builder_column_1_1 1_1 fusion-flex-column\" style=\"--awb-bg-size:cover;--awb-width-large:100%;--awb-margin-top-large:0px;--awb-spacing-right-large:1.92%;--awb-margin-bottom-large:0px;--awb-spacing-left-large:1.92%;--awb-width-medium:100%;--awb-spacing-right-medium:1.92%;--awb-spacing-left-medium:1.92%;--awb-width-small:100%;--awb-spacing-right-small:1.92%;--awb-spacing-left-small:1.92%;\"><div class=\"fusion-column-wrapper fusion-flex-justify-content-flex-start fusion-content-layout-column\"><div class=\"fusion-text fusion-text-1\"><h2>Programa de Mensajes de Marketing Recurrentes de Pangea<\/h2>\n<p>\u00daltima modificaci\u00f3n: 28 de noviembre de 2025<\/p>\n<p>T\u00e9rminos y Condiciones<br \/>\nAl optar por el Programa (seg\u00fan se define m\u00e1s adelante), aceptas los presentes T\u00e9rminos y Condiciones del Programa de Mensajes de Marketing Recurrentes de Pangea (\u201cT\u00e9rminos y Condiciones\u201d) y la <a href=\"https:\/\/pangeamoneytransfer.com\/es\/privacy\/\">Pol\u00edtica de Privacidad<\/a> de Pangea.<\/p>\n<p>Descripci\u00f3n del Programa: Peri\u00f3dicamente te enviaremos mensajes de texto y mensajes instant\u00e1neos a trav\u00e9s de aplicaciones de mensajer\u00eda instant\u00e1nea de terceros con actualizaciones de productos, promociones y\/o informaci\u00f3n (el \u201cPrograma\u201d). Los mensajes se env\u00edan hasta 30 veces al mes. No est\u00e1s obligado a dar tu consentimiento para recibir mensajes de marketing por mensaje de texto o a trav\u00e9s de aplicaciones de mensajer\u00eda instant\u00e1nea de terceros como condici\u00f3n para comprar cualquier propiedad, bien o servicios de nuestra parte.<\/p>\n<p>Si optas por ello, podemos enviarte anuncios o mensajes de telemarketing y\/u ofertas promocionales utilizando un sistema de marcaci\u00f3n telef\u00f3nica autom\u00e1tica o un mensaje de voz pregrabado o artificial o mensaje de texto SMS o aplicaci\u00f3n de mensajer\u00eda instant\u00e1nea de terceros al n\u00famero m\u00f3vil que nos proporcionaste cuando abriste tu Cuenta. Tambi\u00e9n podemos contactarte para proporcionarte informaci\u00f3n sobre otros productos financieros o de consumo ofrecidos por Pangea o por otros que consideremos que puedan interesarte. Pueden aplicarse las tarifas de mensajes y datos del operador.<\/p>\n<p>Aceptas que eres propietario o est\u00e1s autorizado a proporcionar cualquier n\u00famero de tel\u00e9fono m\u00f3vil que utilices para inscribirte en los Servicios de Pangea y\/o establecer una Cuenta con Pangea. Si optas por no recibir mensajes de texto de marketing de Pangea o mensajes a trav\u00e9s de aplicaciones de mensajer\u00eda instant\u00e1nea de terceros desde Pangea, todav\u00eda podemos enviarte comunicaciones no promocionales, tales como recibos de operaciones digitales, notificaciones sobre tu cuenta, informaci\u00f3n que puede impactar tu uso del Servicio y cualquier cambio en nuestros T\u00e9rminos y Condiciones y nuestra Pol\u00edtica de Privacidad.<\/p>\n<p>C\u00f3mo inscribirse: Puedes inscribirte al Programa al crear tu cuenta y aceptar los t\u00e9rminos presentados en el sitio web y la aplicaci\u00f3n m\u00f3vil (incluidos los presentes T\u00e9rminos y Condiciones). Para aplicaciones de mensajer\u00eda instant\u00e1nea de terceros, puedes inscribirte al responder opt-in y seleccionar la opci\u00f3n relevante.<\/p>\n<p>C\u00f3mo darte de baja de mensajes de texto recurrentes de marketing: Puedes escribir \u201cSTOP\u201d al 68548 para dejar de recibir m\u00e1s mensajes de texto. Tambi\u00e9n puedes optar por no recibirlos enviando un mensaje de texto con alguna de estas palabras: \u201cPARAR\u201d, \u201cFIN\u201d, \u201cCANCELAR\u201d o \u201cDES-SUSCRIBIRSE\u201d. Una vez que te hayas dado de baja, dejaremos de enviarte mensajes de texto desde el 68548 a menos que vuelvas a darte de alta. La exclusi\u00f3n de los mensajes de texto del 68548 no te excluir\u00e1 de otros mensajes de texto de operaciones o llamadas que hayas elegido o que elijas recibir de nosotros.<\/p>\n<p>C\u00f3mo darte de baja de mensajes instant\u00e1neos recurrentes de marketing: Puedes escribir \u201cSTOP\u201d a la cuenta de Pangea a trav\u00e9s de la aplicaci\u00f3n de mensajer\u00eda instant\u00e1nea (ej: WhatsApp) y seleccionar las opciones relevantes seg\u00fan el tipo de mensajes que quieres darte de baja. Una vez que te des de baja, te enviaremos un mensaje de confirmaci\u00f3n de haberte dado de baja a trav\u00e9s de la aplicaci\u00f3n de mensajer\u00eda instant\u00e1nea de terceros y dejaremos de enviarte el tipo de mensajes de marketing del que te diste de baja a trav\u00e9s de la aplicaci\u00f3n de mensajer\u00eda instant\u00e1nea de terceros, a menos que te suscribas de nuevo. Darte de baja de cualquier tipo de mensajes instant\u00e1neos a trav\u00e9s de una aplicaci\u00f3n de mensajer\u00eda instant\u00e1nea de terceros solo te da de baja de ese tipo de mensajes a trav\u00e9s de la aplicaci\u00f3n y no de otros canales de comunicaci\u00f3n que tengas con nosotros.<\/p>\n<p>Apoyo\/Ayuda: En caso de preguntas, env\u00eda un correo electr\u00f3nico a <a href=\"mailto:help@gopangea.com\">help@gopangea.com<\/a> o llame al <a href=\"tel:8663952938\">866-395-2938<\/a>. Tambi\u00e9n puedes enviar un mensaje de texto con \u201cAYUDA\u201d al 68548 para recibir un mensaje de texto con nuestro nombre (Pangea) y una direcci\u00f3n y n\u00famero de correo electr\u00f3nico al que puedes dirigir tus preguntas.<\/p>\n<p>Operadores Soportados (esta lista puede cambiar con el tiempo):<br \/>\nAERIAL COMMUNICATIONS INC., AT&amp;T Mexico, Alt\u00e1n Redes S.A.P.I. de C.V., Am\u00e9rica M\u00f3vil, BANDWIDTH.COM CLEC LLC, BELL ATLANTIC MOBILE INC, Bouygues Telecom, CELLCO PARTNERSHIP DBA VERIZON WIRELESS, CELLULAR SOUTH INC., CODETEL (DR), CSC WIRELESS LLC, CTE Telecom Personal S.A. de C.V., Cablevisi\u00f3n Red, Claro (001), Colombia M\u00f3vil S.A. ESP, Colombia Telecomunicaciones S.A. ESP, Comunicacion Celular S.A. (Comcel), D&amp;E\/OMNIPOINT WIREL JOINT VENT LP DBA PCS ONE, DISH WIRELESS LLC, Delhi &amp; NCR, Digicel S.A. de C.V., Dito Telecommunity Corp., ELISKA WIRELESS VENTURES SUBSIDIARY I LLC, Empresa de Telecomunicaciones de Bogot\u00e1 S.A. ESP, France telephony, GCI COMMUNICATION CORP. DBA GENERAL COMMUNICATION, Globe Telecom, Kerala, METROPCS INC., METROPCS NETWORKS LLC, MTN Group, Madhya Pradesh, Millicom \/ Local partners, Millicom Ghana, NEW CELL DBA CELLCOM, NEW CINGULAR WIRELESS PCS LLC, OMNIPOINT COMMUNICATIONS CAP OPERATIONS LLC, OMNIPOINT COMMUNICATIONS ENTERPRISES LP, OMNIPOINT COMMUNICATIONS INC., OMNIPOINT COMMUNICATIONS MIDWEST OPERATIONS LLC, OMNIPOINT MIAMI E LICENSE LLC, ONVOY LLC, ONVOY SPECTRUM LLC, PEERLESS NETWORK OF ARIZONA LLC, PLDT via Smart Communications, POWERTEL ATLANTA LICENSES INC., POWERTEL BIRMINGHAM LICENSES INC., POWERTEL JACKSONVILLE LICENSES INC., POWERTEL KENTUCKY LICENSES INC., POWERTEL MEMPHIS LICENSES INC., POWERTEL NASHVILLE LICENSES INC., PT Telekomunikasi Selular, Partners Telecom Colombia SAS, Punjab, RADIOMOVIL DIPSAS.A. DE C.V. (Telcel), ROGERS COMMUNICATIONS CANADA INC., SOUTHERN COMMUNICATIONS SERVICES INC., STPCS JOINT VENTURE LLC, SUNCOM DBA T-MOBILE USA, Safaricom Limited, T-MOBILE USA INC., TELEPORT COMMUNICATIONS AMERICA SC- LLC, TELNYX LLC, TRANSMISIONES Y PROYECCIONES S.A., TRICOM (DR), Telecomunicaciones de Guatemala S.A., Telefonica Celular S.A (CELTEL) (Tigo) (002), Telef\u00f3nica, Telef\u00f3nica M\u00f3viles El Salvador, Telemovil El Salvador S.A., UNITED STATES CELLULAR, USA MOBILITY WIRELESS INC., VERIZON NEW JERSEY INC., VOICESTREAM GSM I LLC, Vietnam Telecom Services Company, Viettel Telecom, and Virgin Mobile Colombia S.A.S.<\/p>\n<p>Aplicaciones de mensajer\u00eda instant\u00e1nea de terceros (esta lista puede cambiar con el tiempo):<br \/>\nWhatsApp.<\/p>\n<p>Entrega: No garantizamos que recibas ning\u00fan mensaje de texto de marketing o mensaje instant\u00e1neo a trav\u00e9s de una aplicaci\u00f3n de mensajer\u00eda instant\u00e1nea en el marco del Programa. Circunstancias fuera de nuestro control, incluyendo problemas de red o de aplicaciones de terceros pueden resultar en que no recibas nuestros mensajes de texto o mensajes instant\u00e1neos. Ni tu operador, ni los proveedores de la aplicaci\u00f3n de mensajes de terceros o Pangea son responsables de los mensajes de texto o mensajes instant\u00e1neos retrasados o no entregados.<\/p>\n<p>Elegibilidad: El Programa est\u00e1 destinado a los residentes de los Estados Unidos que tengan al menos 18 a\u00f1os de edad y el beneficiario de la transacci\u00f3n enviada a trav\u00e9s de Pangea.<\/p>\n<p>Cambios en los T\u00e9rminos y Condiciones: Podemos revisar, modificar o enmendar los presentes T\u00e9rminos y Condiciones en cualquier momento. Cualquier revisi\u00f3n, modificaci\u00f3n o enmienda entrar\u00e1 en vigor cuando se publique en nuestro sitio web. Aceptas revisar los presentes T\u00e9rminos y Condiciones peri\u00f3dicamente para asegurarte de que est\u00e1s al tanto de cualquier cambio.<\/p>\n<p>Terminaci\u00f3n del Programa: Nos reservamos el derecho de modificar o interrumpir, temporal o permanentemente, todo o cualquier parte del Programa, con o sin previo aviso.<\/p>\n<p>\u00a9 Pangea Universal Holdings, Inc. 2021<br \/>\n\u00a9 Pangea USA, LLC 2021<br \/>\n\u00a9 Pangea Latin America, S.A. de C.V. 2021<\/p>\n<\/div><\/div><\/div><\/div><\/div>\n","protected":false},"excerpt":{"rendered":"","protected":false},"author":1,"featured_media":0,"parent":0,"menu_order":0,"comment_status":"closed","ping_status":"closed","template":"user-agreements.php","meta":{"_acf_changed":false,"inline_featured_image":false,"footnotes":""},"class_list":["post-22641","page","type-page","status-publish","hentry"],"acf":[],"_links":{"self":[{"href":"https:\/\/pangeamoneytransfer.com\/es\/wp-json\/wp\/v2\/pages\/22641","targetHints":{"allow":["GET"]}}],"collection":[{"href":"https:\/\/pangeamoneytransfer.com\/es\/wp-json\/wp\/v2\/pages"}],"about":[{"href":"https:\/\/pangeamoneytransfer.com\/es\/wp-json\/wp\/v2\/types\/page"}],"author":[{"embeddable":true,"href":"https:\/\/pangeamoneytransfer.com\/es\/wp-json\/wp\/v2\/users\/1"}],"replies":[{"embeddable":true,"href":"https:\/\/pangeamoneytransfer.com\/es\/wp-json\/wp\/v2\/comments?post=22641"}],"version-history":[{"count":8,"href":"https:\/\/pangeamoneytransfer.com\/es\/wp-json\/wp\/v2\/pages\/22641\/revisions"}],"predecessor-version":[{"id":36837,"href":"https:\/\/pangeamoneytransfer.com\/es\/wp-json\/wp\/v2\/pages\/22641\/revisions\/36837"}],"wp:attachment":[{"href":"https:\/\/pangeamoneytransfer.com\/es\/wp-json\/wp\/v2\/media?parent=22641"}],"curies":[{"name":"wp","href":"https:\/\/api.w.org\/{rel}","templated":true}]}}