{"id":22400,"date":"2021-03-01T03:39:55","date_gmt":"2021-03-01T03:39:55","guid":{"rendered":"https:\/\/pangeamoneytransfer.com\/?page_id=22400"},"modified":"2024-02-07T01:07:45","modified_gmt":"2024-02-07T01:07:45","slug":"about","status":"publish","type":"page","link":"https:\/\/pangeamoneytransfer.com\/es\/about\/","title":{"rendered":"About US"},"content":{"rendered":"<p>En Pangea, estamos convencidos de que las personas merecen una forma m\u00e1s inteligente y segura de administrar y transferir su dinero. Nuestras herramientas est\u00e1n dise\u00f1adas con tecnolog\u00eda de clase mundial que brinda servicios bancarios y de transferencia de dinero internacional desde dispositivos m\u00f3viles. Reducimos el costo y las complicaciones de transferir dinero, ofreciendo opciones y\u00a0 mejor control al enviar dinero a tus seres queridos en todo el mundo.<\/p>\n<div class=\"world-img\"><\/div>\n<style>#card-account-section, .news, .disclosures-card{display: none !important;} .pg-advantage-flex { justify-content: flex-start; }<\/style>\n","protected":false},"excerpt":{"rendered":"<p>En Pangea, estamos convencidos de que las personas merecen una [&hellip;]<\/p>\n","protected":false},"author":1,"featured_media":0,"parent":0,"menu_order":0,"comment_status":"closed","ping_status":"closed","template":"about-us.php","meta":{"_acf_changed":false,"inline_featured_image":false,"footnotes":""},"class_list":["post-22400","page","type-page","status-publish","hentry"],"acf":[],"_links":{"self":[{"href":"https:\/\/pangeamoneytransfer.com\/es\/wp-json\/wp\/v2\/pages\/22400","targetHints":{"allow":["GET"]}}],"collection":[{"href":"https:\/\/pangeamoneytransfer.com\/es\/wp-json\/wp\/v2\/pages"}],"about":[{"href":"https:\/\/pangeamoneytransfer.com\/es\/wp-json\/wp\/v2\/types\/page"}],"author":[{"embeddable":true,"href":"https:\/\/pangeamoneytransfer.com\/es\/wp-json\/wp\/v2\/users\/1"}],"replies":[{"embeddable":true,"href":"https:\/\/pangeamoneytransfer.com\/es\/wp-json\/wp\/v2\/comments?post=22400"}],"version-history":[{"count":11,"href":"https:\/\/pangeamoneytransfer.com\/es\/wp-json\/wp\/v2\/pages\/22400\/revisions"}],"predecessor-version":[{"id":33597,"href":"https:\/\/pangeamoneytransfer.com\/es\/wp-json\/wp\/v2\/pages\/22400\/revisions\/33597"}],"wp:attachment":[{"href":"https:\/\/pangeamoneytransfer.com\/es\/wp-json\/wp\/v2\/media?parent=22400"}],"curies":[{"name":"wp","href":"https:\/\/api.w.org\/{rel}","templated":true}]}}